{"id":2231,"date":"2015-04-21T19:42:09","date_gmt":"2015-04-21T19:42:09","guid":{"rendered":"https:\/\/old.add-associes.com\/ru\/nos-engagements\/nos-6-engagements\/"},"modified":"2016-01-26T11:10:13","modified_gmt":"2016-01-26T11:10:13","slug":"nos-6-engagements","status":"publish","type":"page","link":"https:\/\/old.add-associes.com\/ru\/nos-engagements\/nos-6-engagements\/","title":{"rendered":"6 \u041d\u0410\u0428\u0418\u0425 \u041e\u0411\u042f\u0417\u0410\u0422\u0415\u041b\u042c\u0421\u0422\u0412"},"content":{"rendered":"","protected":false},"excerpt":{"rendered":"","protected":false},"author":4,"featured_media":0,"parent":1942,"menu_order":0,"comment_status":"closed","ping_status":"closed","template":"","meta":[],"acf":[],"yoast_head":"<!-- This site is optimized with the Yoast SEO plugin v19.7.2 - https:\/\/yoast.com\/wordpress\/plugins\/seo\/ -->\n<title>ADD ASSOCIES - Nos engagements<\/title>\n<meta name=\"description\" content=\"Nos engagements : Proximit\u00e9, R\u00e9activit\u00e9, Transparence et p\u00e9dagogie, Professionnalisme et confidentialit\u00e9, M\u00e9thodes certifi\u00e9es, Garanties fortes\" \/>\n<meta name=\"robots\" content=\"noindex, follow, max-snippet:-1, max-image-preview:large, max-video-preview:-1\" \/>\n<meta property=\"og:locale\" content=\"ru_RU\" \/>\n<meta property=\"og:type\" content=\"article\" \/>\n<meta property=\"og:title\" content=\"ADD ASSOCIES - Nos engagements\" \/>\n<meta property=\"og:description\" content=\"Nos engagements : Proximit\u00e9, R\u00e9activit\u00e9, Transparence et p\u00e9dagogie, Professionnalisme et confidentialit\u00e9, M\u00e9thodes certifi\u00e9es, Garanties fortes\" \/>\n<meta property=\"og:url\" content=\"https:\/\/old.add-associes.com\/ru\/nos-engagements\/nos-6-engagements\/\" \/>\n<meta property=\"og:site_name\" content=\"ADD ASSOCI\u00c9S\" \/>\n<meta property=\"article:publisher\" content=\"https:\/\/www.facebook.com\/pages\/ADD-Genealogie\/726546164072497?fref=ts\" \/>\n<meta property=\"article:modified_time\" content=\"2016-01-26T11:10:13+00:00\" \/>\n<meta name=\"twitter:card\" content=\"summary\" \/>\n<meta name=\"twitter:site\" content=\"@ADD_Associes\" \/>\n<script type=\"application\/ld+json\" class=\"yoast-schema-graph\">{\"@context\":\"https:\/\/schema.org\",\"@graph\":[{\"@type\":\"WebPage\",\"@id\":\"https:\/\/old.add-associes.com\/ru\/nos-engagements\/nos-6-engagements\/\",\"url\":\"https:\/\/old.add-associes.com\/ru\/nos-engagements\/nos-6-engagements\/\",\"name\":\"ADD ASSOCIES - Nos engagements\",\"isPartOf\":{\"@id\":\"https:\/\/old.add-associes.com\/#website\"},\"datePublished\":\"2015-04-21T19:42:09+00:00\",\"dateModified\":\"2016-01-26T11:10:13+00:00\",\"description\":\"Nos engagements : Proximit\u00e9, R\u00e9activit\u00e9, Transparence et p\u00e9dagogie, Professionnalisme et confidentialit\u00e9, M\u00e9thodes certifi\u00e9es, Garanties fortes\",\"breadcrumb\":{\"@id\":\"https:\/\/old.add-associes.com\/ru\/nos-engagements\/nos-6-engagements\/#breadcrumb\"},\"inLanguage\":\"ru-RU\",\"potentialAction\":[{\"@type\":\"ReadAction\",\"target\":[\"https:\/\/old.add-associes.com\/ru\/nos-engagements\/nos-6-engagements\/\"]}]},{\"@type\":\"BreadcrumbList\",\"@id\":\"https:\/\/old.add-associes.com\/ru\/nos-engagements\/nos-6-engagements\/#breadcrumb\",\"itemListElement\":[{\"@type\":\"ListItem\",\"position\":1,\"name\":\"Home\",\"item\":\"https:\/\/old.add-associes.com\/ru\/\"},{\"@type\":\"ListItem\",\"position\":2,\"name\":\"\u041d\u0410\u0428\u0418 \u041e\u0411\u042f\u0417\u0410\u0422\u0415\u041b\u042c\u0421\u0422\u0412\u0410\",\"item\":\"https:\/\/old.add-associes.com\/ru\/nos-engagements\/\"},{\"@type\":\"ListItem\",\"position\":3,\"name\":\"6 \u041d\u0410\u0428\u0418\u0425 \u041e\u0411\u042f\u0417\u0410\u0422\u0415\u041b\u042c\u0421\u0422\u0412\"}]},{\"@type\":\"WebSite\",\"@id\":\"https:\/\/old.add-associes.com\/#website\",\"url\":\"https:\/\/old.add-associes.com\/\",\"name\":\"ADD ASSOCI\u00c9S\",\"description\":\"\",\"potentialAction\":[{\"@type\":\"SearchAction\",\"target\":{\"@type\":\"EntryPoint\",\"urlTemplate\":\"https:\/\/old.add-associes.com\/?s={search_term_string}\"},\"query-input\":\"required name=search_term_string\"}],\"inLanguage\":\"ru-RU\"}]}<\/script>\n<!-- \/ Yoast SEO plugin. -->","yoast_head_json":{"title":"ADD ASSOCIES - Nos engagements","description":"Nos engagements : Proximit\u00e9, R\u00e9activit\u00e9, Transparence et p\u00e9dagogie, Professionnalisme et confidentialit\u00e9, M\u00e9thodes certifi\u00e9es, Garanties fortes","robots":{"index":"noindex","follow":"follow","max-snippet":"max-snippet:-1","max-image-preview":"max-image-preview:large","max-video-preview":"max-video-preview:-1"},"og_locale":"ru_RU","og_type":"article","og_title":"ADD ASSOCIES - Nos engagements","og_description":"Nos engagements : Proximit\u00e9, R\u00e9activit\u00e9, Transparence et p\u00e9dagogie, Professionnalisme et confidentialit\u00e9, M\u00e9thodes certifi\u00e9es, Garanties fortes","og_url":"https:\/\/old.add-associes.com\/ru\/nos-engagements\/nos-6-engagements\/","og_site_name":"ADD ASSOCI\u00c9S","article_publisher":"https:\/\/www.facebook.com\/pages\/ADD-Genealogie\/726546164072497?fref=ts","article_modified_time":"2016-01-26T11:10:13+00:00","twitter_card":"summary","twitter_site":"@ADD_Associes","schema":{"@context":"https:\/\/schema.org","@graph":[{"@type":"WebPage","@id":"https:\/\/old.add-associes.com\/ru\/nos-engagements\/nos-6-engagements\/","url":"https:\/\/old.add-associes.com\/ru\/nos-engagements\/nos-6-engagements\/","name":"ADD ASSOCIES - Nos engagements","isPartOf":{"@id":"https:\/\/old.add-associes.com\/#website"},"datePublished":"2015-04-21T19:42:09+00:00","dateModified":"2016-01-26T11:10:13+00:00","description":"Nos engagements : Proximit\u00e9, R\u00e9activit\u00e9, Transparence et p\u00e9dagogie, Professionnalisme et confidentialit\u00e9, M\u00e9thodes certifi\u00e9es, Garanties fortes","breadcrumb":{"@id":"https:\/\/old.add-associes.com\/ru\/nos-engagements\/nos-6-engagements\/#breadcrumb"},"inLanguage":"ru-RU","potentialAction":[{"@type":"ReadAction","target":["https:\/\/old.add-associes.com\/ru\/nos-engagements\/nos-6-engagements\/"]}]},{"@type":"BreadcrumbList","@id":"https:\/\/old.add-associes.com\/ru\/nos-engagements\/nos-6-engagements\/#breadcrumb","itemListElement":[{"@type":"ListItem","position":1,"name":"Home","item":"https:\/\/old.add-associes.com\/ru\/"},{"@type":"ListItem","position":2,"name":"\u041d\u0410\u0428\u0418 \u041e\u0411\u042f\u0417\u0410\u0422\u0415\u041b\u042c\u0421\u0422\u0412\u0410","item":"https:\/\/old.add-associes.com\/ru\/nos-engagements\/"},{"@type":"ListItem","position":3,"name":"6 \u041d\u0410\u0428\u0418\u0425 \u041e\u0411\u042f\u0417\u0410\u0422\u0415\u041b\u042c\u0421\u0422\u0412"}]},{"@type":"WebSite","@id":"https:\/\/old.add-associes.com\/#website","url":"https:\/\/old.add-associes.com\/","name":"ADD ASSOCI\u00c9S","description":"","potentialAction":[{"@type":"SearchAction","target":{"@type":"EntryPoint","urlTemplate":"https:\/\/old.add-associes.com\/?s={search_term_string}"},"query-input":"required name=search_term_string"}],"inLanguage":"ru-RU"}]}},"_links":{"self":[{"href":"https:\/\/old.add-associes.com\/ru\/wp-json\/wp\/v2\/pages\/2231"}],"collection":[{"href":"https:\/\/old.add-associes.com\/ru\/wp-json\/wp\/v2\/pages"}],"about":[{"href":"https:\/\/old.add-associes.com\/ru\/wp-json\/wp\/v2\/types\/page"}],"author":[{"embeddable":true,"href":"https:\/\/old.add-associes.com\/ru\/wp-json\/wp\/v2\/users\/4"}],"replies":[{"embeddable":true,"href":"https:\/\/old.add-associes.com\/ru\/wp-json\/wp\/v2\/comments?post=2231"}],"version-history":[{"count":2,"href":"https:\/\/old.add-associes.com\/ru\/wp-json\/wp\/v2\/pages\/2231\/revisions"}],"predecessor-version":[{"id":2549,"href":"https:\/\/old.add-associes.com\/ru\/wp-json\/wp\/v2\/pages\/2231\/revisions\/2549"}],"up":[{"embeddable":true,"href":"https:\/\/old.add-associes.com\/ru\/wp-json\/wp\/v2\/pages\/1942"}],"wp:attachment":[{"href":"https:\/\/old.add-associes.com\/ru\/wp-json\/wp\/v2\/media?parent=2231"}],"curies":[{"name":"wp","href":"https:\/\/api.w.org\/{rel}","templated":true}]}}