{"id":2388,"date":"2015-04-26T15:00:48","date_gmt":"2015-04-26T15:00:48","guid":{"rendered":"https:\/\/old.add-associes.com\/it\/un-particulier\/faq\/"},"modified":"2016-01-26T15:05:17","modified_gmt":"2016-01-26T15:05:17","slug":"faq","status":"publish","type":"page","link":"https:\/\/old.add-associes.com\/it\/faq\/","title":{"rendered":"Domande frequenti"},"content":{"rendered":"","protected":false},"excerpt":{"rendered":"","protected":false},"author":4,"featured_media":0,"parent":0,"menu_order":1,"comment_status":"closed","ping_status":"open","template":"","meta":[],"acf":[],"yoast_head":"<!-- This site is optimized with the Yoast SEO plugin v19.7.2 - https:\/\/yoast.com\/wordpress\/plugins\/seo\/ -->\n<title>Nos r\u00e9ponses \u00e0 vos questions - ADD ASSOCIES<\/title>\n<meta name=\"description\" content=\"Notre FAQ r\u00e9pond \u00e0 vos questions \u00e0 propos du m\u00e9tier de g\u00e9n\u00e9alogiste et des sp\u00e9cificit\u00e9s de nos missions.\" \/>\n<meta name=\"robots\" content=\"noindex, follow, max-snippet:-1, max-image-preview:large, max-video-preview:-1\" \/>\n<meta property=\"og:locale\" content=\"it_IT\" \/>\n<meta property=\"og:type\" content=\"article\" \/>\n<meta property=\"og:title\" content=\"Nos r\u00e9ponses \u00e0 vos questions - ADD ASSOCIES\" \/>\n<meta property=\"og:description\" content=\"Notre FAQ r\u00e9pond \u00e0 vos questions \u00e0 propos du m\u00e9tier de g\u00e9n\u00e9alogiste et des sp\u00e9cificit\u00e9s de nos missions.\" \/>\n<meta property=\"og:url\" content=\"https:\/\/old.add-associes.com\/it\/faq\/\" \/>\n<meta property=\"og:site_name\" content=\"ADD ASSOCI\u00c9S\" \/>\n<meta property=\"article:publisher\" content=\"https:\/\/www.facebook.com\/pages\/ADD-Genealogie\/726546164072497?fref=ts\" \/>\n<meta property=\"article:modified_time\" content=\"2016-01-26T15:05:17+00:00\" \/>\n<meta name=\"twitter:card\" content=\"summary\" \/>\n<meta name=\"twitter:site\" content=\"@ADD_Associes\" \/>\n<script type=\"application\/ld+json\" class=\"yoast-schema-graph\">{\"@context\":\"https:\/\/schema.org\",\"@graph\":[{\"@type\":\"WebPage\",\"@id\":\"https:\/\/old.add-associes.com\/it\/faq\/\",\"url\":\"https:\/\/old.add-associes.com\/it\/faq\/\",\"name\":\"Nos r\u00e9ponses \u00e0 vos questions - ADD ASSOCIES\",\"isPartOf\":{\"@id\":\"https:\/\/old.add-associes.com\/#website\"},\"datePublished\":\"2015-04-26T15:00:48+00:00\",\"dateModified\":\"2016-01-26T15:05:17+00:00\",\"description\":\"Notre FAQ r\u00e9pond \u00e0 vos questions \u00e0 propos du m\u00e9tier de g\u00e9n\u00e9alogiste et des sp\u00e9cificit\u00e9s de nos missions.\",\"breadcrumb\":{\"@id\":\"https:\/\/old.add-associes.com\/it\/faq\/#breadcrumb\"},\"inLanguage\":\"it-IT\",\"potentialAction\":[{\"@type\":\"ReadAction\",\"target\":[\"https:\/\/old.add-associes.com\/it\/faq\/\"]}]},{\"@type\":\"BreadcrumbList\",\"@id\":\"https:\/\/old.add-associes.com\/it\/faq\/#breadcrumb\",\"itemListElement\":[{\"@type\":\"ListItem\",\"position\":1,\"name\":\"Home\",\"item\":\"https:\/\/old.add-associes.com\/it\/\"},{\"@type\":\"ListItem\",\"position\":2,\"name\":\"Domande frequenti\"}]},{\"@type\":\"WebSite\",\"@id\":\"https:\/\/old.add-associes.com\/#website\",\"url\":\"https:\/\/old.add-associes.com\/\",\"name\":\"ADD ASSOCI\u00c9S\",\"description\":\"\",\"potentialAction\":[{\"@type\":\"SearchAction\",\"target\":{\"@type\":\"EntryPoint\",\"urlTemplate\":\"https:\/\/old.add-associes.com\/?s={search_term_string}\"},\"query-input\":\"required name=search_term_string\"}],\"inLanguage\":\"it-IT\"}]}<\/script>\n<!-- \/ Yoast SEO plugin. -->","yoast_head_json":{"title":"Nos r\u00e9ponses \u00e0 vos questions - ADD ASSOCIES","description":"Notre FAQ r\u00e9pond \u00e0 vos questions \u00e0 propos du m\u00e9tier de g\u00e9n\u00e9alogiste et des sp\u00e9cificit\u00e9s de nos missions.","robots":{"index":"noindex","follow":"follow","max-snippet":"max-snippet:-1","max-image-preview":"max-image-preview:large","max-video-preview":"max-video-preview:-1"},"og_locale":"it_IT","og_type":"article","og_title":"Nos r\u00e9ponses \u00e0 vos questions - ADD ASSOCIES","og_description":"Notre FAQ r\u00e9pond \u00e0 vos questions \u00e0 propos du m\u00e9tier de g\u00e9n\u00e9alogiste et des sp\u00e9cificit\u00e9s de nos missions.","og_url":"https:\/\/old.add-associes.com\/it\/faq\/","og_site_name":"ADD ASSOCI\u00c9S","article_publisher":"https:\/\/www.facebook.com\/pages\/ADD-Genealogie\/726546164072497?fref=ts","article_modified_time":"2016-01-26T15:05:17+00:00","twitter_card":"summary","twitter_site":"@ADD_Associes","schema":{"@context":"https:\/\/schema.org","@graph":[{"@type":"WebPage","@id":"https:\/\/old.add-associes.com\/it\/faq\/","url":"https:\/\/old.add-associes.com\/it\/faq\/","name":"Nos r\u00e9ponses \u00e0 vos questions - ADD ASSOCIES","isPartOf":{"@id":"https:\/\/old.add-associes.com\/#website"},"datePublished":"2015-04-26T15:00:48+00:00","dateModified":"2016-01-26T15:05:17+00:00","description":"Notre FAQ r\u00e9pond \u00e0 vos questions \u00e0 propos du m\u00e9tier de g\u00e9n\u00e9alogiste et des sp\u00e9cificit\u00e9s de nos missions.","breadcrumb":{"@id":"https:\/\/old.add-associes.com\/it\/faq\/#breadcrumb"},"inLanguage":"it-IT","potentialAction":[{"@type":"ReadAction","target":["https:\/\/old.add-associes.com\/it\/faq\/"]}]},{"@type":"BreadcrumbList","@id":"https:\/\/old.add-associes.com\/it\/faq\/#breadcrumb","itemListElement":[{"@type":"ListItem","position":1,"name":"Home","item":"https:\/\/old.add-associes.com\/it\/"},{"@type":"ListItem","position":2,"name":"Domande frequenti"}]},{"@type":"WebSite","@id":"https:\/\/old.add-associes.com\/#website","url":"https:\/\/old.add-associes.com\/","name":"ADD ASSOCI\u00c9S","description":"","potentialAction":[{"@type":"SearchAction","target":{"@type":"EntryPoint","urlTemplate":"https:\/\/old.add-associes.com\/?s={search_term_string}"},"query-input":"required name=search_term_string"}],"inLanguage":"it-IT"}]}},"_links":{"self":[{"href":"https:\/\/old.add-associes.com\/it\/wp-json\/wp\/v2\/pages\/2388"}],"collection":[{"href":"https:\/\/old.add-associes.com\/it\/wp-json\/wp\/v2\/pages"}],"about":[{"href":"https:\/\/old.add-associes.com\/it\/wp-json\/wp\/v2\/types\/page"}],"author":[{"embeddable":true,"href":"https:\/\/old.add-associes.com\/it\/wp-json\/wp\/v2\/users\/4"}],"replies":[{"embeddable":true,"href":"https:\/\/old.add-associes.com\/it\/wp-json\/wp\/v2\/comments?post=2388"}],"version-history":[{"count":5,"href":"https:\/\/old.add-associes.com\/it\/wp-json\/wp\/v2\/pages\/2388\/revisions"}],"predecessor-version":[{"id":2650,"href":"https:\/\/old.add-associes.com\/it\/wp-json\/wp\/v2\/pages\/2388\/revisions\/2650"}],"wp:attachment":[{"href":"https:\/\/old.add-associes.com\/it\/wp-json\/wp\/v2\/media?parent=2388"}],"curies":[{"name":"wp","href":"https:\/\/api.w.org\/{rel}","templated":true}]}}