{"id":2216,"date":"2015-04-21T19:43:05","date_gmt":"2015-04-21T19:43:05","guid":{"rendered":"https:\/\/old.add-associes.com\/it\/nos-engagements\/pro-bono\/"},"modified":"2016-06-02T08:10:16","modified_gmt":"2016-06-02T08:10:16","slug":"pro-bono","status":"publish","type":"page","link":"https:\/\/old.add-associes.com\/it\/nos-engagements\/pro-bono\/","title":{"rendered":"Pro bono"},"content":{"rendered":"<p>&#8220;Non \u00e8 ammissibile non fare niente sotto il pretesto che \u00e8 impossibile fare tutto in un solo giorno.&#8221; Abb\u00e9 Pierre<\/p>\n<p>&nbsp;<\/p>\n<p>La condivisione e la solidariet\u00e0 sono valori fondamentali del gruppo ADD \u25a0 Associ\u00e9s.<\/p>\n<p>Per noi questo impegno sociale e civico ha valore essenziale e indispensabile.<\/p>\n<p>Ci\u00f2 ci ha spinti a sostenere finanziariamente delle associazioni il cui scopo \u00e8 di venire in aiuto ai bambini.<\/p>\n<p>&nbsp;<\/p>\n<p>Dal 2003 accogliamo sul nostro stand in occasione del Congresso dei Notai l&#8217;associazione Petits Princes.<\/p>\n<p>Ogni visita allo stand viene convertita in euro che vengono integralmente riversati all&#8217;associazione.<\/p>\n<p>Per l&#8217;associazione questo congresso \u00e8 anche l&#8217;occasione di acquisire una migliore visibilit\u00e0 presso i notai.<\/p>\n<p>&nbsp;<\/p>\n<p><strong><span style=\"text-decoration: underline; color: #d10428;\">Association<a href=\"http:\/\/www.petitsprinces.com\" target=\"_blank\">\u00a0Petits Princes<\/a><\/span><\/strong><\/p>\n<p>Fondata nel 1987, l&#8217;associazione Petits Princes realizza i sogni di bambini ed adolescenti malati.<\/p>\n<p>In questo modo il bambino trova in s\u00e9 nuove energie per lottare contro la malattia.<\/p>\n<p>&nbsp;<\/p>\n<p><a href=\"https:\/\/old.add-associes.com\/wp-content\/uploads\/association-petits-pricnes.jpg\"><img loading=\"lazy\" class=\"alignnone size-full wp-image-3051\" src=\"https:\/\/old.add-associes.com\/wp-content\/uploads\/association-petits-pricnes.jpg\" alt=\"association-petits-pricnes\" width=\"293\" height=\"376\" \/><\/a><\/p>\n<p>&nbsp;<\/p>\n<p>Dal 2003 sosteniamo anche:<\/p>\n<p><strong><span style=\"text-decoration: underline; color: #d10428;\">ASEDEME (Associazione senegalese per la protezione dei bambini affetti da ritardo mentale)<\/span><\/strong><\/p>\n<p>Fondata nel 1989, l\u2019ASEDEME opera a favore della creazione e la gestione di stabilimenti specializzati, della prevenzione in sanit\u00e0 prenatale, dello studio e della comunicazione al pubblico a proposito delle questioni legate all&#8217;handicap mentale.<\/p>\n<p><img loading=\"lazy\" class=\"alignnone size-full wp-image-475\" src=\"https:\/\/old.add-associes.com\/wp-content\/uploads\/asedeme.jpg\" alt=\"asedeme\" width=\"354\" height=\"197\" \/><\/p>\n","protected":false},"excerpt":{"rendered":"<p>&#8220;Non \u00e8 ammissibile non fare niente sotto il pretesto che \u00e8 impossibile fare tutto in un solo giorno.&#8221; Abb\u00e9 Pierre &nbsp; La condivisione e la solidariet\u00e0 sono valori fondamentali del gruppo ADD \u25a0 Associ\u00e9s. Per noi questo impegno sociale e civico ha valore essenziale e indispensabile. Ci\u00f2 ci ha spinti a sostenere finanziariamente delle associazioni [&hellip;]<\/p>\n","protected":false},"author":4,"featured_media":0,"parent":1941,"menu_order":2,"comment_status":"closed","ping_status":"open","template":"","meta":[],"acf":[],"yoast_head":"<!-- This site is optimized with the Yoast SEO plugin v19.7.2 - https:\/\/yoast.com\/wordpress\/plugins\/seo\/ -->\n<title>Pro bono<\/title>\n<meta name=\"robots\" content=\"noindex, follow, max-snippet:-1, max-image-preview:large, max-video-preview:-1\" \/>\n<meta property=\"og:locale\" content=\"it_IT\" \/>\n<meta property=\"og:type\" content=\"article\" \/>\n<meta property=\"og:title\" content=\"Pro bono\" \/>\n<meta property=\"og:description\" content=\"&#8220;Non \u00e8 ammissibile non fare niente sotto il pretesto che \u00e8 impossibile fare tutto in un solo giorno.&#8221; Abb\u00e9 Pierre &nbsp; La condivisione e la solidariet\u00e0 sono valori fondamentali del gruppo ADD \u25a0 Associ\u00e9s. Per noi questo impegno sociale e civico ha valore essenziale e indispensabile. Ci\u00f2 ci ha spinti a sostenere finanziariamente delle associazioni [&hellip;]\" \/>\n<meta property=\"og:url\" content=\"https:\/\/old.add-associes.com\/it\/nos-engagements\/pro-bono\/\" \/>\n<meta property=\"og:site_name\" content=\"ADD ASSOCI\u00c9S\" \/>\n<meta property=\"article:publisher\" content=\"https:\/\/www.facebook.com\/pages\/ADD-Genealogie\/726546164072497?fref=ts\" \/>\n<meta property=\"article:modified_time\" content=\"2016-06-02T08:10:16+00:00\" \/>\n<meta property=\"og:image\" content=\"https:\/\/old.add-associes.com\/wp-content\/uploads\/association-petits-pricnes.jpg\" \/>\n<meta name=\"twitter:card\" content=\"summary\" \/>\n<meta name=\"twitter:site\" content=\"@ADD_Associes\" \/>\n<meta name=\"twitter:label1\" content=\"Tempo di lettura stimato\" \/>\n\t<meta name=\"twitter:data1\" content=\"1 minuto\" \/>\n<script type=\"application\/ld+json\" class=\"yoast-schema-graph\">{\"@context\":\"https:\/\/schema.org\",\"@graph\":[{\"@type\":\"WebPage\",\"@id\":\"https:\/\/old.add-associes.com\/it\/nos-engagements\/pro-bono\/\",\"url\":\"https:\/\/old.add-associes.com\/it\/nos-engagements\/pro-bono\/\",\"name\":\"Pro bono\",\"isPartOf\":{\"@id\":\"https:\/\/old.add-associes.com\/#website\"},\"datePublished\":\"2015-04-21T19:43:05+00:00\",\"dateModified\":\"2016-06-02T08:10:16+00:00\",\"breadcrumb\":{\"@id\":\"https:\/\/old.add-associes.com\/it\/nos-engagements\/pro-bono\/#breadcrumb\"},\"inLanguage\":\"it-IT\",\"potentialAction\":[{\"@type\":\"ReadAction\",\"target\":[\"https:\/\/old.add-associes.com\/it\/nos-engagements\/pro-bono\/\"]}]},{\"@type\":\"BreadcrumbList\",\"@id\":\"https:\/\/old.add-associes.com\/it\/nos-engagements\/pro-bono\/#breadcrumb\",\"itemListElement\":[{\"@type\":\"ListItem\",\"position\":1,\"name\":\"Home\",\"item\":\"https:\/\/old.add-associes.com\/it\/\"},{\"@type\":\"ListItem\",\"position\":2,\"name\":\"I NOSTRI IMPEGNI\",\"item\":\"https:\/\/old.add-associes.com\/it\/nos-engagements\/\"},{\"@type\":\"ListItem\",\"position\":3,\"name\":\"Pro bono\"}]},{\"@type\":\"WebSite\",\"@id\":\"https:\/\/old.add-associes.com\/#website\",\"url\":\"https:\/\/old.add-associes.com\/\",\"name\":\"ADD ASSOCI\u00c9S\",\"description\":\"\",\"potentialAction\":[{\"@type\":\"SearchAction\",\"target\":{\"@type\":\"EntryPoint\",\"urlTemplate\":\"https:\/\/old.add-associes.com\/?s={search_term_string}\"},\"query-input\":\"required name=search_term_string\"}],\"inLanguage\":\"it-IT\"}]}<\/script>\n<!-- \/ Yoast SEO plugin. -->","yoast_head_json":{"title":"Pro bono","robots":{"index":"noindex","follow":"follow","max-snippet":"max-snippet:-1","max-image-preview":"max-image-preview:large","max-video-preview":"max-video-preview:-1"},"og_locale":"it_IT","og_type":"article","og_title":"Pro bono","og_description":"&#8220;Non \u00e8 ammissibile non fare niente sotto il pretesto che \u00e8 impossibile fare tutto in un solo giorno.&#8221; Abb\u00e9 Pierre &nbsp; La condivisione e la solidariet\u00e0 sono valori fondamentali del gruppo ADD \u25a0 Associ\u00e9s. Per noi questo impegno sociale e civico ha valore essenziale e indispensabile. Ci\u00f2 ci ha spinti a sostenere finanziariamente delle associazioni [&hellip;]","og_url":"https:\/\/old.add-associes.com\/it\/nos-engagements\/pro-bono\/","og_site_name":"ADD ASSOCI\u00c9S","article_publisher":"https:\/\/www.facebook.com\/pages\/ADD-Genealogie\/726546164072497?fref=ts","article_modified_time":"2016-06-02T08:10:16+00:00","og_image":[{"url":"https:\/\/old.add-associes.com\/wp-content\/uploads\/association-petits-pricnes.jpg"}],"twitter_card":"summary","twitter_site":"@ADD_Associes","twitter_misc":{"Tempo di lettura stimato":"1 minuto"},"schema":{"@context":"https:\/\/schema.org","@graph":[{"@type":"WebPage","@id":"https:\/\/old.add-associes.com\/it\/nos-engagements\/pro-bono\/","url":"https:\/\/old.add-associes.com\/it\/nos-engagements\/pro-bono\/","name":"Pro bono","isPartOf":{"@id":"https:\/\/old.add-associes.com\/#website"},"datePublished":"2015-04-21T19:43:05+00:00","dateModified":"2016-06-02T08:10:16+00:00","breadcrumb":{"@id":"https:\/\/old.add-associes.com\/it\/nos-engagements\/pro-bono\/#breadcrumb"},"inLanguage":"it-IT","potentialAction":[{"@type":"ReadAction","target":["https:\/\/old.add-associes.com\/it\/nos-engagements\/pro-bono\/"]}]},{"@type":"BreadcrumbList","@id":"https:\/\/old.add-associes.com\/it\/nos-engagements\/pro-bono\/#breadcrumb","itemListElement":[{"@type":"ListItem","position":1,"name":"Home","item":"https:\/\/old.add-associes.com\/it\/"},{"@type":"ListItem","position":2,"name":"I NOSTRI IMPEGNI","item":"https:\/\/old.add-associes.com\/it\/nos-engagements\/"},{"@type":"ListItem","position":3,"name":"Pro bono"}]},{"@type":"WebSite","@id":"https:\/\/old.add-associes.com\/#website","url":"https:\/\/old.add-associes.com\/","name":"ADD ASSOCI\u00c9S","description":"","potentialAction":[{"@type":"SearchAction","target":{"@type":"EntryPoint","urlTemplate":"https:\/\/old.add-associes.com\/?s={search_term_string}"},"query-input":"required name=search_term_string"}],"inLanguage":"it-IT"}]}},"_links":{"self":[{"href":"https:\/\/old.add-associes.com\/it\/wp-json\/wp\/v2\/pages\/2216"}],"collection":[{"href":"https:\/\/old.add-associes.com\/it\/wp-json\/wp\/v2\/pages"}],"about":[{"href":"https:\/\/old.add-associes.com\/it\/wp-json\/wp\/v2\/types\/page"}],"author":[{"embeddable":true,"href":"https:\/\/old.add-associes.com\/it\/wp-json\/wp\/v2\/users\/4"}],"replies":[{"embeddable":true,"href":"https:\/\/old.add-associes.com\/it\/wp-json\/wp\/v2\/comments?post=2216"}],"version-history":[{"count":5,"href":"https:\/\/old.add-associes.com\/it\/wp-json\/wp\/v2\/pages\/2216\/revisions"}],"predecessor-version":[{"id":3061,"href":"https:\/\/old.add-associes.com\/it\/wp-json\/wp\/v2\/pages\/2216\/revisions\/3061"}],"up":[{"embeddable":true,"href":"https:\/\/old.add-associes.com\/it\/wp-json\/wp\/v2\/pages\/1941"}],"wp:attachment":[{"href":"https:\/\/old.add-associes.com\/it\/wp-json\/wp\/v2\/media?parent=2216"}],"curies":[{"name":"wp","href":"https:\/\/api.w.org\/{rel}","templated":true}]}}