{"id":2225,"date":"2015-04-21T19:42:41","date_gmt":"2015-04-21T19:42:41","guid":{"rendered":"https:\/\/old.add-associes.com\/es\/nos-engagements\/charte-et-garanties\/"},"modified":"2016-01-27T09:43:55","modified_gmt":"2016-01-27T09:43:55","slug":"charte-et-garanties","status":"publish","type":"page","link":"https:\/\/old.add-associes.com\/es\/nos-engagements\/charte-et-garanties\/","title":{"rendered":"CARTA Y GARANT\u00cdAS"},"content":{"rendered":"<h2>CARTA Y GARANT\u00cdAS<\/h2>\n<p>&nbsp;<\/p>\n<p>&nbsp;<\/p>\n<p style=\"text-align: left;\"><span class=\"custom_font\"><strong>UNA PROFESI\u00d3N ENMARCADA<\/strong><\/span><\/p>\n<p style=\"text-align: left;\">\u00a0<\/p>\n<p style=\"text-align: left;\">La actividad de la genealog\u00eda sucesoria est\u00e1 regida por el art\u00edculo 36 de la ley francesa de 23 de junio de 2006 &#8211; ley relativa a la reforma de las sucesiones y liberalidades.<\/p>\n<p style=\"text-align: left;\">\u00a0<\/p>\n<p style=\"text-align: left;\">Por otra parte, ADD\u00a0\u25a0\u00a0Associ\u00e9s es miembro de la C\u00e1mara Nacional francesa de Genealogistas que, a su vez, est\u00e1 agrupada con otros 6 sindicatos profesionales en <a href=\"http:\/\/genealogistes-france.org\/\">G\u00e9n\u00e9alogistes de France<\/a>.<\/p>\n<p style=\"text-align: left;\">\u00a0<\/p>\n<p style=\"text-align: left;\">A este t\u00edtulo, el Gabinete, sus socios y colaboradores:<\/p>\n<p style=\"text-align: left;\">\u00a0<\/p>\n<ul style=\"text-align: left;\">\n<li>Respetan la Carta deontol\u00f3gica de la profesi\u00f3n de 7 de junio de 2013 (Acceder a la Carta\u00a0deontol\u00f3gica)<\/li>\n<li>Respetan el convenio de colaboraci\u00f3n con el Consejo Superior del Notariado de 19 de mayo de 2015 que define las modalidades de colaboraci\u00f3n entre las dos profesiones y sus respectivas obligaciones. (<a href=\"http:\/\/genealogistes-france.org\/wp-content\/uploads\/2015\/05\/CONVENTION-PARTENARIAT-CSN-GENEALOGISTES-2015.pdf\">Acceder al convenio de colaboraci\u00f3n<\/a>)<\/li>\n<li>Son titulares de una carta profesional y se benefician de autorizaciones espec\u00edficas expedidas conjuntamente por el Servicio Interministerial de los Archivos de Francia y los Fiscales para consultar y obtener copia del registro civil de los \u00faltimos 75 a\u00f1os.<\/li>\n<li>Disponen de un Consejero en Inform\u00e1tica y Libertades (CIL) que garantiza la conformidad de los tratamientos inform\u00e1ticos con las obligaciones de la ley CNIL de 6 de enero de 1978.<\/li>\n<li>Disponen de un seguro de responsabilidad civil y de una garant\u00eda financiera suscritos con Covea Risks y Covea Caution con los n\u00fameros de p\u00f3liza 120 133 160 y 120 133 160.<\/li>\n<li>Por \u00faltimo, el gabinete, as\u00ed como sus filiales, est\u00e1n certificados ISO 9001 desde el 17 de diciembre de 2008.<\/li>\n<\/ul>\n<p style=\"text-align: left;\">\u00a0<\/p>\n<p style=\"text-align: left;\">\u00a0<\/p>\n<p style=\"text-align: left;\"><span class=\"custom_font\"><strong>LA DEONTOLOG\u00cdA EN LA BASE DE LA ACTIVIDAD DE ADD \u25a0 ASSOCI\u00c9S<\/strong><\/span><\/p>\n<p style=\"text-align: left;\">\u00a0<\/p>\n<p style=\"text-align: left;\">Desde la fundaci\u00f3n del gabinete, ADD\u00a0\u25a0\u00a0Associ\u00e9s ha contribuido ampliamente a la regulaci\u00f3n y el marco de la profesi\u00f3n.<\/p>\n<p style=\"text-align: left;\">Antoine Djikpa, socio del Gabinete, ha sido elegido presidente de G\u00e9n\u00e9alogistes de France. ADD\u00a0\u25a0\u00a0Associ\u00e9s contribuye muy ampliamente a hacer de la genealog\u00eda sucesoria una profesi\u00f3n que aporta todas las garant\u00edas a los que recurren a sus servicios.<\/p>\n<p style=\"text-align: left;\">\u00a0<\/p>\n<p style=\"text-align: left;\">\u00a0<\/p>\n<p style=\"text-align: left;\"><span class=\"custom_font\"><strong>ADD \u25a0 ASSOCI\u00c9S COLABORADOR DEL NOTARIADO<\/strong><\/span><\/p>\n<p style=\"text-align: left;\">\u00a0<\/p>\n<p style=\"text-align: left;\">La\u00a0C\u00e1mara Nacional francesa de Genealogistas de la que es miembro ADD \u25a0 Associ\u00e9s es firmante del Convenio de colaboraci\u00f3n de 19\/05\/2015 que establece el marco de las relaciones Notarios\/Genealogistas y sus obligaciones rec\u00edprocas.<\/p>\n<p style=\"text-align: left;\">\u00a0<\/p>\n<p style=\"text-align: left;\">\u00a0<\/p>\n<p style=\"text-align: left;\"><span class=\"custom_font\"><strong>GARANT\u00cdAS COMPLEMENTARIAS DE ADD \u25a0 ASSOCI\u00c9S<\/strong><\/span><\/p>\n<p style=\"text-align: left;\">\u00a0<\/p>\n<p style=\"text-align: left;\">Cuando un genealogista interviene para certificar una transmisi\u00f3n hereditaria, compromete su responsabilidad profesional. Los miembros de la C\u00e1mara Nacional francesa de Genealogistas suscriben seguros profesionales que cubren su responsabilidad civil.<\/p>\n<p style=\"text-align: left;\">Ahora bien, ADD \u25a0\u00a0Associ\u00e9s ha suscrito un seguro suplementario en materia de responsabilidad civil para aumentar los importes garantizados (Covea Risk: p\u00f3liza n\u00b0 120 133 160).<\/p>\n<p style=\"text-align: left;\">\u00a0<\/p>\n<p style=\"text-align: left;\">Lo mismo sucede en materia de garant\u00eda financiera.<\/p>\n<p style=\"text-align: left;\">\u00a0<\/p>\n<p style=\"text-align: left;\">Estas garant\u00edas complementarias constituyen una importante protecci\u00f3n para los clientes del gabinete.<\/p>\n","protected":false},"excerpt":{"rendered":"<p>CARTA Y GARANT\u00cdAS &nbsp; &nbsp; UNA PROFESI\u00d3N ENMARCADA \u00a0 La actividad de la genealog\u00eda sucesoria est\u00e1 regida por el art\u00edculo 36 de la ley francesa de 23 de junio de 2006 &#8211; ley relativa a la reforma de las sucesiones y liberalidades. \u00a0 Por otra parte, ADD\u00a0\u25a0\u00a0Associ\u00e9s es miembro de la C\u00e1mara Nacional francesa de [&hellip;]<\/p>\n","protected":false},"author":4,"featured_media":0,"parent":1939,"menu_order":1,"comment_status":"closed","ping_status":"open","template":"","meta":[],"acf":[],"yoast_head":"<!-- This site is optimized with the Yoast SEO plugin v19.7.2 - https:\/\/yoast.com\/wordpress\/plugins\/seo\/ -->\n<title>CARTA Y GARANT\u00cdAS<\/title>\n<meta name=\"robots\" content=\"noindex, follow, max-snippet:-1, max-image-preview:large, max-video-preview:-1\" \/>\n<meta property=\"og:locale\" content=\"es_ES\" \/>\n<meta property=\"og:type\" content=\"article\" \/>\n<meta property=\"og:title\" content=\"CARTA Y GARANT\u00cdAS\" \/>\n<meta property=\"og:description\" content=\"CARTA Y GARANT\u00cdAS &nbsp; &nbsp; UNA PROFESI\u00d3N ENMARCADA \u00a0 La actividad de la genealog\u00eda sucesoria est\u00e1 regida por el art\u00edculo 36 de la ley francesa de 23 de junio de 2006 &#8211; ley relativa a la reforma de las sucesiones y liberalidades. \u00a0 Por otra parte, ADD\u00a0\u25a0\u00a0Associ\u00e9s es miembro de la C\u00e1mara Nacional francesa de [&hellip;]\" \/>\n<meta property=\"og:url\" content=\"https:\/\/old.add-associes.com\/es\/nos-engagements\/charte-et-garanties\/\" \/>\n<meta property=\"og:site_name\" content=\"ADD ASSOCI\u00c9S\" \/>\n<meta property=\"article:publisher\" content=\"https:\/\/www.facebook.com\/pages\/ADD-Genealogie\/726546164072497?fref=ts\" \/>\n<meta property=\"article:modified_time\" content=\"2016-01-27T09:43:55+00:00\" \/>\n<meta name=\"twitter:card\" content=\"summary\" \/>\n<meta name=\"twitter:site\" content=\"@ADD_Associes\" \/>\n<meta name=\"twitter:label1\" content=\"Tiempo de lectura\" \/>\n\t<meta name=\"twitter:data1\" content=\"2 minutos\" \/>\n<script type=\"application\/ld+json\" class=\"yoast-schema-graph\">{\"@context\":\"https:\/\/schema.org\",\"@graph\":[{\"@type\":\"WebPage\",\"@id\":\"https:\/\/old.add-associes.com\/es\/nos-engagements\/charte-et-garanties\/\",\"url\":\"https:\/\/old.add-associes.com\/es\/nos-engagements\/charte-et-garanties\/\",\"name\":\"CARTA Y GARANT\u00cdAS\",\"isPartOf\":{\"@id\":\"https:\/\/old.add-associes.com\/#website\"},\"datePublished\":\"2015-04-21T19:42:41+00:00\",\"dateModified\":\"2016-01-27T09:43:55+00:00\",\"breadcrumb\":{\"@id\":\"https:\/\/old.add-associes.com\/es\/nos-engagements\/charte-et-garanties\/#breadcrumb\"},\"inLanguage\":\"es\",\"potentialAction\":[{\"@type\":\"ReadAction\",\"target\":[\"https:\/\/old.add-associes.com\/es\/nos-engagements\/charte-et-garanties\/\"]}]},{\"@type\":\"BreadcrumbList\",\"@id\":\"https:\/\/old.add-associes.com\/es\/nos-engagements\/charte-et-garanties\/#breadcrumb\",\"itemListElement\":[{\"@type\":\"ListItem\",\"position\":1,\"name\":\"Home\",\"item\":\"https:\/\/old.add-associes.com\/es\/\"},{\"@type\":\"ListItem\",\"position\":2,\"name\":\"NUESTROS COMPROMISOS\",\"item\":\"https:\/\/old.add-associes.com\/es\/nos-engagements\/\"},{\"@type\":\"ListItem\",\"position\":3,\"name\":\"CARTA Y GARANT\u00cdAS\"}]},{\"@type\":\"WebSite\",\"@id\":\"https:\/\/old.add-associes.com\/#website\",\"url\":\"https:\/\/old.add-associes.com\/\",\"name\":\"ADD ASSOCI\u00c9S\",\"description\":\"\",\"potentialAction\":[{\"@type\":\"SearchAction\",\"target\":{\"@type\":\"EntryPoint\",\"urlTemplate\":\"https:\/\/old.add-associes.com\/?s={search_term_string}\"},\"query-input\":\"required name=search_term_string\"}],\"inLanguage\":\"es\"}]}<\/script>\n<!-- \/ Yoast SEO plugin. -->","yoast_head_json":{"title":"CARTA Y GARANT\u00cdAS","robots":{"index":"noindex","follow":"follow","max-snippet":"max-snippet:-1","max-image-preview":"max-image-preview:large","max-video-preview":"max-video-preview:-1"},"og_locale":"es_ES","og_type":"article","og_title":"CARTA Y GARANT\u00cdAS","og_description":"CARTA Y GARANT\u00cdAS &nbsp; &nbsp; UNA PROFESI\u00d3N ENMARCADA \u00a0 La actividad de la genealog\u00eda sucesoria est\u00e1 regida por el art\u00edculo 36 de la ley francesa de 23 de junio de 2006 &#8211; ley relativa a la reforma de las sucesiones y liberalidades. \u00a0 Por otra parte, ADD\u00a0\u25a0\u00a0Associ\u00e9s es miembro de la C\u00e1mara Nacional francesa de [&hellip;]","og_url":"https:\/\/old.add-associes.com\/es\/nos-engagements\/charte-et-garanties\/","og_site_name":"ADD ASSOCI\u00c9S","article_publisher":"https:\/\/www.facebook.com\/pages\/ADD-Genealogie\/726546164072497?fref=ts","article_modified_time":"2016-01-27T09:43:55+00:00","twitter_card":"summary","twitter_site":"@ADD_Associes","twitter_misc":{"Tiempo de lectura":"2 minutos"},"schema":{"@context":"https:\/\/schema.org","@graph":[{"@type":"WebPage","@id":"https:\/\/old.add-associes.com\/es\/nos-engagements\/charte-et-garanties\/","url":"https:\/\/old.add-associes.com\/es\/nos-engagements\/charte-et-garanties\/","name":"CARTA Y GARANT\u00cdAS","isPartOf":{"@id":"https:\/\/old.add-associes.com\/#website"},"datePublished":"2015-04-21T19:42:41+00:00","dateModified":"2016-01-27T09:43:55+00:00","breadcrumb":{"@id":"https:\/\/old.add-associes.com\/es\/nos-engagements\/charte-et-garanties\/#breadcrumb"},"inLanguage":"es","potentialAction":[{"@type":"ReadAction","target":["https:\/\/old.add-associes.com\/es\/nos-engagements\/charte-et-garanties\/"]}]},{"@type":"BreadcrumbList","@id":"https:\/\/old.add-associes.com\/es\/nos-engagements\/charte-et-garanties\/#breadcrumb","itemListElement":[{"@type":"ListItem","position":1,"name":"Home","item":"https:\/\/old.add-associes.com\/es\/"},{"@type":"ListItem","position":2,"name":"NUESTROS COMPROMISOS","item":"https:\/\/old.add-associes.com\/es\/nos-engagements\/"},{"@type":"ListItem","position":3,"name":"CARTA Y GARANT\u00cdAS"}]},{"@type":"WebSite","@id":"https:\/\/old.add-associes.com\/#website","url":"https:\/\/old.add-associes.com\/","name":"ADD ASSOCI\u00c9S","description":"","potentialAction":[{"@type":"SearchAction","target":{"@type":"EntryPoint","urlTemplate":"https:\/\/old.add-associes.com\/?s={search_term_string}"},"query-input":"required name=search_term_string"}],"inLanguage":"es"}]}},"_links":{"self":[{"href":"https:\/\/old.add-associes.com\/es\/wp-json\/wp\/v2\/pages\/2225"}],"collection":[{"href":"https:\/\/old.add-associes.com\/es\/wp-json\/wp\/v2\/pages"}],"about":[{"href":"https:\/\/old.add-associes.com\/es\/wp-json\/wp\/v2\/types\/page"}],"author":[{"embeddable":true,"href":"https:\/\/old.add-associes.com\/es\/wp-json\/wp\/v2\/users\/4"}],"replies":[{"embeddable":true,"href":"https:\/\/old.add-associes.com\/es\/wp-json\/wp\/v2\/comments?post=2225"}],"version-history":[{"count":5,"href":"https:\/\/old.add-associes.com\/es\/wp-json\/wp\/v2\/pages\/2225\/revisions"}],"predecessor-version":[{"id":2705,"href":"https:\/\/old.add-associes.com\/es\/wp-json\/wp\/v2\/pages\/2225\/revisions\/2705"}],"up":[{"embeddable":true,"href":"https:\/\/old.add-associes.com\/es\/wp-json\/wp\/v2\/pages\/1939"}],"wp:attachment":[{"href":"https:\/\/old.add-associes.com\/es\/wp-json\/wp\/v2\/media?parent=2225"}],"curies":[{"name":"wp","href":"https:\/\/api.w.org\/{rel}","templated":true}]}}