{"id":2218,"date":"2015-04-21T19:43:05","date_gmt":"2015-04-21T19:43:05","guid":{"rendered":"https:\/\/old.add-associes.com\/es\/nos-engagements\/pro-bono\/"},"modified":"2016-06-02T08:09:27","modified_gmt":"2016-06-02T08:09:27","slug":"pro-bono","status":"publish","type":"page","link":"https:\/\/old.add-associes.com\/es\/nos-engagements\/pro-bono\/","title":{"rendered":"Pro bono"},"content":{"rendered":"<p>\u201cNo podemos, con el pretexto de que es imposible hacerlo todo en un d\u00eda, no hacer absolutamente nada\u201d. Abad Pierre<\/p>\n<p>&nbsp;<\/p>\n<p>El hecho de compartir y la solidaridad son valores fundadores del grupo ADD \u25a0 Associ\u00e9s.<\/p>\n<p>Este compromiso social y ciudadano nos parece esencial e indispensable.<\/p>\n<p>Por este motivo, hemos decidido apoyar econ\u00f3micamente a asociaciones que tienen como misi\u00f3n ayudar a los ni\u00f1os.<\/p>\n<p>&nbsp;<\/p>\n<p>Desde 2003, acogemos a la asociaci\u00f3n Petits Princes en nuestro stand en el Congreso de Notarios.<\/p>\n<p>Cada visita al stand se convierte en euros que se donan \u00edntegramente a la asociaci\u00f3n.<\/p>\n<p>Este congreso tambi\u00e9n permite que la asociaci\u00f3n se d\u00e9 a conocer mejor ante los notarios.<\/p>\n<p>&nbsp;<\/p>\n<p><strong><span style=\"text-decoration: underline; color: #d10428;\"><a href=\"http:\/\/www.petitsprinces.com\" target=\"_blank\">Association\u00a0Petits Princes<\/a><\/span><\/strong><\/p>\n<p>Creada en 1987, la asociaci\u00f3n Petits Princes hace realidad los sue\u00f1os de ni\u00f1os y adolescentes enfermos.<\/p>\n<p>Permite que el ni\u00f1o recupere una energ\u00eda suplementaria para luchar contra la enfermedad.<\/p>\n<p><a href=\"https:\/\/old.add-associes.com\/wp-content\/uploads\/association-petits-pricnes.jpg\"><img loading=\"lazy\" class=\" size-full wp-image-3051 aligncenter\" src=\"https:\/\/old.add-associes.com\/wp-content\/uploads\/association-petits-pricnes.jpg\" alt=\"association-petits-pricnes\" width=\"293\" height=\"376\" \/><\/a><\/p>\n<p>&nbsp;<\/p>\n<p>&nbsp;<\/p>\n<p>Desde 2003, tambi\u00e9n apoyamos:<\/p>\n<p><strong><span style=\"text-decoration: underline; color: #d10428;\">A la ASEDEME (Asociaci\u00f3n senegalesa para la protecci\u00f3n de los ni\u00f1os con discapacidad mental)<\/span><\/strong><\/p>\n<p>Creada en 1989, la ASEDEME trabaja para la creaci\u00f3n y la gesti\u00f3n de centros especializados, la prevenci\u00f3n en salud prenatal, el estudio y la comunicaci\u00f3n al gran p\u00fablico sobre las cuestiones que giran alrededor de la discapacidad mental.<\/p>\n<p><img loading=\"lazy\" class=\"alignnone size-full wp-image-475\" src=\"https:\/\/old.add-associes.com\/wp-content\/uploads\/asedeme.jpg\" alt=\"asedeme\" width=\"354\" height=\"197\" \/><\/p>\n","protected":false},"excerpt":{"rendered":"<p>\u201cNo podemos, con el pretexto de que es imposible hacerlo todo en un d\u00eda, no hacer absolutamente nada\u201d. Abad Pierre &nbsp; El hecho de compartir y la solidaridad son valores fundadores del grupo ADD \u25a0 Associ\u00e9s. Este compromiso social y ciudadano nos parece esencial e indispensable. Por este motivo, hemos decidido apoyar econ\u00f3micamente a asociaciones [&hellip;]<\/p>\n","protected":false},"author":4,"featured_media":0,"parent":1939,"menu_order":2,"comment_status":"closed","ping_status":"open","template":"","meta":[],"acf":[],"yoast_head":"<!-- This site is optimized with the Yoast SEO plugin v19.7.2 - https:\/\/yoast.com\/wordpress\/plugins\/seo\/ -->\n<title>Pro bono<\/title>\n<meta name=\"robots\" content=\"noindex, follow, max-snippet:-1, max-image-preview:large, max-video-preview:-1\" \/>\n<meta property=\"og:locale\" content=\"es_ES\" \/>\n<meta property=\"og:type\" content=\"article\" \/>\n<meta property=\"og:title\" content=\"Pro bono\" \/>\n<meta property=\"og:description\" content=\"\u201cNo podemos, con el pretexto de que es imposible hacerlo todo en un d\u00eda, no hacer absolutamente nada\u201d. Abad Pierre &nbsp; El hecho de compartir y la solidaridad son valores fundadores del grupo ADD \u25a0 Associ\u00e9s. Este compromiso social y ciudadano nos parece esencial e indispensable. Por este motivo, hemos decidido apoyar econ\u00f3micamente a asociaciones [&hellip;]\" \/>\n<meta property=\"og:url\" content=\"https:\/\/old.add-associes.com\/es\/nos-engagements\/pro-bono\/\" \/>\n<meta property=\"og:site_name\" content=\"ADD ASSOCI\u00c9S\" \/>\n<meta property=\"article:publisher\" content=\"https:\/\/www.facebook.com\/pages\/ADD-Genealogie\/726546164072497?fref=ts\" \/>\n<meta property=\"article:modified_time\" content=\"2016-06-02T08:09:27+00:00\" \/>\n<meta property=\"og:image\" content=\"https:\/\/old.add-associes.com\/wp-content\/uploads\/association-petits-pricnes.jpg\" \/>\n<meta name=\"twitter:card\" content=\"summary\" \/>\n<meta name=\"twitter:site\" content=\"@ADD_Associes\" \/>\n<meta name=\"twitter:label1\" content=\"Tiempo de lectura\" \/>\n\t<meta name=\"twitter:data1\" content=\"1 minuto\" \/>\n<script type=\"application\/ld+json\" class=\"yoast-schema-graph\">{\"@context\":\"https:\/\/schema.org\",\"@graph\":[{\"@type\":\"WebPage\",\"@id\":\"https:\/\/old.add-associes.com\/es\/nos-engagements\/pro-bono\/\",\"url\":\"https:\/\/old.add-associes.com\/es\/nos-engagements\/pro-bono\/\",\"name\":\"Pro bono\",\"isPartOf\":{\"@id\":\"https:\/\/old.add-associes.com\/#website\"},\"datePublished\":\"2015-04-21T19:43:05+00:00\",\"dateModified\":\"2016-06-02T08:09:27+00:00\",\"breadcrumb\":{\"@id\":\"https:\/\/old.add-associes.com\/es\/nos-engagements\/pro-bono\/#breadcrumb\"},\"inLanguage\":\"es\",\"potentialAction\":[{\"@type\":\"ReadAction\",\"target\":[\"https:\/\/old.add-associes.com\/es\/nos-engagements\/pro-bono\/\"]}]},{\"@type\":\"BreadcrumbList\",\"@id\":\"https:\/\/old.add-associes.com\/es\/nos-engagements\/pro-bono\/#breadcrumb\",\"itemListElement\":[{\"@type\":\"ListItem\",\"position\":1,\"name\":\"Home\",\"item\":\"https:\/\/old.add-associes.com\/es\/\"},{\"@type\":\"ListItem\",\"position\":2,\"name\":\"NUESTROS COMPROMISOS\",\"item\":\"https:\/\/old.add-associes.com\/es\/nos-engagements\/\"},{\"@type\":\"ListItem\",\"position\":3,\"name\":\"Pro bono\"}]},{\"@type\":\"WebSite\",\"@id\":\"https:\/\/old.add-associes.com\/#website\",\"url\":\"https:\/\/old.add-associes.com\/\",\"name\":\"ADD ASSOCI\u00c9S\",\"description\":\"\",\"potentialAction\":[{\"@type\":\"SearchAction\",\"target\":{\"@type\":\"EntryPoint\",\"urlTemplate\":\"https:\/\/old.add-associes.com\/?s={search_term_string}\"},\"query-input\":\"required name=search_term_string\"}],\"inLanguage\":\"es\"}]}<\/script>\n<!-- \/ Yoast SEO plugin. -->","yoast_head_json":{"title":"Pro bono","robots":{"index":"noindex","follow":"follow","max-snippet":"max-snippet:-1","max-image-preview":"max-image-preview:large","max-video-preview":"max-video-preview:-1"},"og_locale":"es_ES","og_type":"article","og_title":"Pro bono","og_description":"\u201cNo podemos, con el pretexto de que es imposible hacerlo todo en un d\u00eda, no hacer absolutamente nada\u201d. Abad Pierre &nbsp; El hecho de compartir y la solidaridad son valores fundadores del grupo ADD \u25a0 Associ\u00e9s. Este compromiso social y ciudadano nos parece esencial e indispensable. Por este motivo, hemos decidido apoyar econ\u00f3micamente a asociaciones [&hellip;]","og_url":"https:\/\/old.add-associes.com\/es\/nos-engagements\/pro-bono\/","og_site_name":"ADD ASSOCI\u00c9S","article_publisher":"https:\/\/www.facebook.com\/pages\/ADD-Genealogie\/726546164072497?fref=ts","article_modified_time":"2016-06-02T08:09:27+00:00","og_image":[{"url":"https:\/\/old.add-associes.com\/wp-content\/uploads\/association-petits-pricnes.jpg"}],"twitter_card":"summary","twitter_site":"@ADD_Associes","twitter_misc":{"Tiempo de lectura":"1 minuto"},"schema":{"@context":"https:\/\/schema.org","@graph":[{"@type":"WebPage","@id":"https:\/\/old.add-associes.com\/es\/nos-engagements\/pro-bono\/","url":"https:\/\/old.add-associes.com\/es\/nos-engagements\/pro-bono\/","name":"Pro bono","isPartOf":{"@id":"https:\/\/old.add-associes.com\/#website"},"datePublished":"2015-04-21T19:43:05+00:00","dateModified":"2016-06-02T08:09:27+00:00","breadcrumb":{"@id":"https:\/\/old.add-associes.com\/es\/nos-engagements\/pro-bono\/#breadcrumb"},"inLanguage":"es","potentialAction":[{"@type":"ReadAction","target":["https:\/\/old.add-associes.com\/es\/nos-engagements\/pro-bono\/"]}]},{"@type":"BreadcrumbList","@id":"https:\/\/old.add-associes.com\/es\/nos-engagements\/pro-bono\/#breadcrumb","itemListElement":[{"@type":"ListItem","position":1,"name":"Home","item":"https:\/\/old.add-associes.com\/es\/"},{"@type":"ListItem","position":2,"name":"NUESTROS COMPROMISOS","item":"https:\/\/old.add-associes.com\/es\/nos-engagements\/"},{"@type":"ListItem","position":3,"name":"Pro bono"}]},{"@type":"WebSite","@id":"https:\/\/old.add-associes.com\/#website","url":"https:\/\/old.add-associes.com\/","name":"ADD ASSOCI\u00c9S","description":"","potentialAction":[{"@type":"SearchAction","target":{"@type":"EntryPoint","urlTemplate":"https:\/\/old.add-associes.com\/?s={search_term_string}"},"query-input":"required name=search_term_string"}],"inLanguage":"es"}]}},"_links":{"self":[{"href":"https:\/\/old.add-associes.com\/es\/wp-json\/wp\/v2\/pages\/2218"}],"collection":[{"href":"https:\/\/old.add-associes.com\/es\/wp-json\/wp\/v2\/pages"}],"about":[{"href":"https:\/\/old.add-associes.com\/es\/wp-json\/wp\/v2\/types\/page"}],"author":[{"embeddable":true,"href":"https:\/\/old.add-associes.com\/es\/wp-json\/wp\/v2\/users\/4"}],"replies":[{"embeddable":true,"href":"https:\/\/old.add-associes.com\/es\/wp-json\/wp\/v2\/comments?post=2218"}],"version-history":[{"count":5,"href":"https:\/\/old.add-associes.com\/es\/wp-json\/wp\/v2\/pages\/2218\/revisions"}],"predecessor-version":[{"id":3058,"href":"https:\/\/old.add-associes.com\/es\/wp-json\/wp\/v2\/pages\/2218\/revisions\/3058"}],"up":[{"embeddable":true,"href":"https:\/\/old.add-associes.com\/es\/wp-json\/wp\/v2\/pages\/1939"}],"wp:attachment":[{"href":"https:\/\/old.add-associes.com\/es\/wp-json\/wp\/v2\/media?parent=2218"}],"curies":[{"name":"wp","href":"https:\/\/api.w.org\/{rel}","templated":true}]}}