{"id":1989,"date":"2015-04-21T19:40:51","date_gmt":"2015-04-21T19:40:51","guid":{"rendered":"https:\/\/old.add-associes.com\/es\/a-propos-de-add-associes\/presentation\/"},"modified":"2017-02-13T17:38:55","modified_gmt":"2017-02-13T17:38:55","slug":"presentation","status":"publish","type":"page","link":"https:\/\/old.add-associes.com\/es\/a-propos-de-add-associes\/presentation\/","title":{"rendered":"PRESENTACI\u00d3N"},"content":{"rendered":"<p>&nbsp;<\/p>\n<p><strong>ADD Associ\u00e9s, interlocutor privilegiado de los notarios, de las profesiones jur\u00eddicas y de los particulares.<\/strong><\/p>\n<p>Creado en 1990 por Christophe Aubrun, Denis Delcros y Antoine Delabre, el Gabinete geneal\u00f3gico ADD Associ\u00e9s es especialista en genealog\u00eda sucesoria.<\/p>\n<p>Trabaja en estrecha colaboraci\u00f3n con notarios, abogados, administradores judiciales, compa\u00f1\u00edas de seguros, entidades locales, s\u00edndicos de inmuebles y bancos.<\/p>\n<p>El grupo ADD Associ\u00e9s tambi\u00e9n representa <strong>a los herederos, los beneficiarios de derechos y los legatarios<\/strong> encontrados.<\/p>\n","protected":false},"excerpt":{"rendered":"<p>&nbsp; ADD Associ\u00e9s, interlocutor privilegiado de los notarios, de las profesiones jur\u00eddicas y de los particulares. Creado en 1990 por Christophe Aubrun, Denis Delcros y Antoine Delabre, el Gabinete geneal\u00f3gico ADD Associ\u00e9s es especialista en genealog\u00eda sucesoria. Trabaja en estrecha colaboraci\u00f3n con notarios, abogados, administradores judiciales, compa\u00f1\u00edas de seguros, entidades locales, s\u00edndicos de inmuebles y [&hellip;]<\/p>\n","protected":false},"author":4,"featured_media":0,"parent":1964,"menu_order":0,"comment_status":"closed","ping_status":"open","template":"page_templates\/presentation.php","meta":[],"acf":[],"yoast_head":"<!-- This site is optimized with the Yoast SEO plugin v19.7.2 - https:\/\/yoast.com\/wordpress\/plugins\/seo\/ -->\n<title>PRESENTACI\u00d3N<\/title>\n<meta name=\"robots\" content=\"noindex, follow, max-snippet:-1, max-image-preview:large, max-video-preview:-1\" \/>\n<meta property=\"og:locale\" content=\"es_ES\" \/>\n<meta property=\"og:type\" content=\"article\" \/>\n<meta property=\"og:title\" content=\"PRESENTACI\u00d3N\" \/>\n<meta property=\"og:description\" content=\"&nbsp; ADD Associ\u00e9s, interlocutor privilegiado de los notarios, de las profesiones jur\u00eddicas y de los particulares. Creado en 1990 por Christophe Aubrun, Denis Delcros y Antoine Delabre, el Gabinete geneal\u00f3gico ADD Associ\u00e9s es especialista en genealog\u00eda sucesoria. Trabaja en estrecha colaboraci\u00f3n con notarios, abogados, administradores judiciales, compa\u00f1\u00edas de seguros, entidades locales, s\u00edndicos de inmuebles y [&hellip;]\" \/>\n<meta property=\"og:url\" content=\"https:\/\/old.add-associes.com\/es\/a-propos-de-add-associes\/presentation\/\" \/>\n<meta property=\"og:site_name\" content=\"ADD ASSOCI\u00c9S\" \/>\n<meta property=\"article:publisher\" content=\"https:\/\/www.facebook.com\/pages\/ADD-Genealogie\/726546164072497?fref=ts\" \/>\n<meta property=\"article:modified_time\" content=\"2017-02-13T17:38:55+00:00\" \/>\n<meta name=\"twitter:card\" content=\"summary\" \/>\n<meta name=\"twitter:site\" content=\"@ADD_Associes\" \/>\n<script type=\"application\/ld+json\" class=\"yoast-schema-graph\">{\"@context\":\"https:\/\/schema.org\",\"@graph\":[{\"@type\":\"WebPage\",\"@id\":\"https:\/\/old.add-associes.com\/es\/a-propos-de-add-associes\/presentation\/\",\"url\":\"https:\/\/old.add-associes.com\/es\/a-propos-de-add-associes\/presentation\/\",\"name\":\"PRESENTACI\u00d3N\",\"isPartOf\":{\"@id\":\"https:\/\/old.add-associes.com\/#website\"},\"datePublished\":\"2015-04-21T19:40:51+00:00\",\"dateModified\":\"2017-02-13T17:38:55+00:00\",\"breadcrumb\":{\"@id\":\"https:\/\/old.add-associes.com\/es\/a-propos-de-add-associes\/presentation\/#breadcrumb\"},\"inLanguage\":\"es\",\"potentialAction\":[{\"@type\":\"ReadAction\",\"target\":[\"https:\/\/old.add-associes.com\/es\/a-propos-de-add-associes\/presentation\/\"]}]},{\"@type\":\"BreadcrumbList\",\"@id\":\"https:\/\/old.add-associes.com\/es\/a-propos-de-add-associes\/presentation\/#breadcrumb\",\"itemListElement\":[{\"@type\":\"ListItem\",\"position\":1,\"name\":\"Home\",\"item\":\"https:\/\/old.add-associes.com\/es\/\"},{\"@type\":\"ListItem\",\"position\":2,\"name\":\"Acerca de ADD \u25a0 ASSOCI\u00c9S\",\"item\":\"https:\/\/old.add-associes.com\/es\/a-propos-de-add-associes\/\"},{\"@type\":\"ListItem\",\"position\":3,\"name\":\"PRESENTACI\u00d3N\"}]},{\"@type\":\"WebSite\",\"@id\":\"https:\/\/old.add-associes.com\/#website\",\"url\":\"https:\/\/old.add-associes.com\/\",\"name\":\"ADD ASSOCI\u00c9S\",\"description\":\"\",\"potentialAction\":[{\"@type\":\"SearchAction\",\"target\":{\"@type\":\"EntryPoint\",\"urlTemplate\":\"https:\/\/old.add-associes.com\/?s={search_term_string}\"},\"query-input\":\"required name=search_term_string\"}],\"inLanguage\":\"es\"}]}<\/script>\n<!-- \/ Yoast SEO plugin. -->","yoast_head_json":{"title":"PRESENTACI\u00d3N","robots":{"index":"noindex","follow":"follow","max-snippet":"max-snippet:-1","max-image-preview":"max-image-preview:large","max-video-preview":"max-video-preview:-1"},"og_locale":"es_ES","og_type":"article","og_title":"PRESENTACI\u00d3N","og_description":"&nbsp; ADD Associ\u00e9s, interlocutor privilegiado de los notarios, de las profesiones jur\u00eddicas y de los particulares. Creado en 1990 por Christophe Aubrun, Denis Delcros y Antoine Delabre, el Gabinete geneal\u00f3gico ADD Associ\u00e9s es especialista en genealog\u00eda sucesoria. Trabaja en estrecha colaboraci\u00f3n con notarios, abogados, administradores judiciales, compa\u00f1\u00edas de seguros, entidades locales, s\u00edndicos de inmuebles y [&hellip;]","og_url":"https:\/\/old.add-associes.com\/es\/a-propos-de-add-associes\/presentation\/","og_site_name":"ADD ASSOCI\u00c9S","article_publisher":"https:\/\/www.facebook.com\/pages\/ADD-Genealogie\/726546164072497?fref=ts","article_modified_time":"2017-02-13T17:38:55+00:00","twitter_card":"summary","twitter_site":"@ADD_Associes","schema":{"@context":"https:\/\/schema.org","@graph":[{"@type":"WebPage","@id":"https:\/\/old.add-associes.com\/es\/a-propos-de-add-associes\/presentation\/","url":"https:\/\/old.add-associes.com\/es\/a-propos-de-add-associes\/presentation\/","name":"PRESENTACI\u00d3N","isPartOf":{"@id":"https:\/\/old.add-associes.com\/#website"},"datePublished":"2015-04-21T19:40:51+00:00","dateModified":"2017-02-13T17:38:55+00:00","breadcrumb":{"@id":"https:\/\/old.add-associes.com\/es\/a-propos-de-add-associes\/presentation\/#breadcrumb"},"inLanguage":"es","potentialAction":[{"@type":"ReadAction","target":["https:\/\/old.add-associes.com\/es\/a-propos-de-add-associes\/presentation\/"]}]},{"@type":"BreadcrumbList","@id":"https:\/\/old.add-associes.com\/es\/a-propos-de-add-associes\/presentation\/#breadcrumb","itemListElement":[{"@type":"ListItem","position":1,"name":"Home","item":"https:\/\/old.add-associes.com\/es\/"},{"@type":"ListItem","position":2,"name":"Acerca de ADD \u25a0 ASSOCI\u00c9S","item":"https:\/\/old.add-associes.com\/es\/a-propos-de-add-associes\/"},{"@type":"ListItem","position":3,"name":"PRESENTACI\u00d3N"}]},{"@type":"WebSite","@id":"https:\/\/old.add-associes.com\/#website","url":"https:\/\/old.add-associes.com\/","name":"ADD ASSOCI\u00c9S","description":"","potentialAction":[{"@type":"SearchAction","target":{"@type":"EntryPoint","urlTemplate":"https:\/\/old.add-associes.com\/?s={search_term_string}"},"query-input":"required name=search_term_string"}],"inLanguage":"es"}]}},"_links":{"self":[{"href":"https:\/\/old.add-associes.com\/es\/wp-json\/wp\/v2\/pages\/1989"}],"collection":[{"href":"https:\/\/old.add-associes.com\/es\/wp-json\/wp\/v2\/pages"}],"about":[{"href":"https:\/\/old.add-associes.com\/es\/wp-json\/wp\/v2\/types\/page"}],"author":[{"embeddable":true,"href":"https:\/\/old.add-associes.com\/es\/wp-json\/wp\/v2\/users\/4"}],"replies":[{"embeddable":true,"href":"https:\/\/old.add-associes.com\/es\/wp-json\/wp\/v2\/comments?post=1989"}],"version-history":[{"count":8,"href":"https:\/\/old.add-associes.com\/es\/wp-json\/wp\/v2\/pages\/1989\/revisions"}],"predecessor-version":[{"id":3151,"href":"https:\/\/old.add-associes.com\/es\/wp-json\/wp\/v2\/pages\/1989\/revisions\/3151"}],"up":[{"embeddable":true,"href":"https:\/\/old.add-associes.com\/es\/wp-json\/wp\/v2\/pages\/1964"}],"wp:attachment":[{"href":"https:\/\/old.add-associes.com\/es\/wp-json\/wp\/v2\/media?parent=1989"}],"curies":[{"name":"wp","href":"https:\/\/api.w.org\/{rel}","templated":true}]}}