{"id":1978,"date":"2015-04-21T19:41:32","date_gmt":"2015-04-21T19:41:32","guid":{"rendered":"https:\/\/old.add-associes.com\/es\/a-propos-de-add-associes\/carrieres\/"},"modified":"2017-02-14T09:25:53","modified_gmt":"2017-02-14T09:25:53","slug":"carrieres","status":"publish","type":"page","link":"https:\/\/old.add-associes.com\/es\/a-propos-de-add-associes\/carrieres\/","title":{"rendered":"RECORRIDOS PROFESIONALES"},"content":{"rendered":"<p>Incorporarse a <strong>ADD Associ\u00e9s<\/strong> es integrarse a un equipo formado por profesionales din\u00e1micos, expertos en nuestro \u00e1mbito de actividad y a la escucha de sus colaboradores y sus clientes.<\/p>\n<p class=\"\">\u00a0<\/p>\n<div class=\"\">\n<p class=\"\">A lo largo de todo el a\u00f1o buscamos a los mejores candidatos en pr\u00e1cticas o colaboradores para incorporarse a nuestro equipo.\u00a0<\/p>\n<\/div>\n<p class=\"\" align=\"justify\">Desea especializarse en una de nuestras disciplinas y tiene esp\u00edritu de equipo, le gustan los retos y tiene un aut\u00e9ntico sentido del servicio al cliente: est\u00e1 disponible, es reactivo y exigente.<\/p>\n","protected":false},"excerpt":{"rendered":"<p>Incorporarse a ADD Associ\u00e9s es integrarse a un equipo formado por profesionales din\u00e1micos, expertos en nuestro \u00e1mbito de actividad y a la escucha de sus colaboradores y sus clientes. \u00a0 A lo largo de todo el a\u00f1o buscamos a los mejores candidatos en pr\u00e1cticas o colaboradores para incorporarse a nuestro equipo.\u00a0 Desea especializarse en una [&hellip;]<\/p>\n","protected":false},"author":4,"featured_media":0,"parent":1964,"menu_order":2,"comment_status":"closed","ping_status":"open","template":"page_templates\/careers.php","meta":[],"acf":[],"yoast_head":"<!-- This site is optimized with the Yoast SEO plugin v19.7.2 - https:\/\/yoast.com\/wordpress\/plugins\/seo\/ -->\n<title>RECORRIDOS PROFESIONALES<\/title>\n<meta name=\"robots\" content=\"noindex, follow, max-snippet:-1, max-image-preview:large, max-video-preview:-1\" \/>\n<meta property=\"og:locale\" content=\"es_ES\" \/>\n<meta property=\"og:type\" content=\"article\" \/>\n<meta property=\"og:title\" content=\"RECORRIDOS PROFESIONALES\" \/>\n<meta property=\"og:description\" content=\"Incorporarse a ADD Associ\u00e9s es integrarse a un equipo formado por profesionales din\u00e1micos, expertos en nuestro \u00e1mbito de actividad y a la escucha de sus colaboradores y sus clientes. \u00a0 A lo largo de todo el a\u00f1o buscamos a los mejores candidatos en pr\u00e1cticas o colaboradores para incorporarse a nuestro equipo.\u00a0 Desea especializarse en una [&hellip;]\" \/>\n<meta property=\"og:url\" content=\"https:\/\/old.add-associes.com\/es\/a-propos-de-add-associes\/carrieres\/\" \/>\n<meta property=\"og:site_name\" content=\"ADD ASSOCI\u00c9S\" \/>\n<meta property=\"article:publisher\" content=\"https:\/\/www.facebook.com\/pages\/ADD-Genealogie\/726546164072497?fref=ts\" \/>\n<meta property=\"article:modified_time\" content=\"2017-02-14T09:25:53+00:00\" \/>\n<meta name=\"twitter:card\" content=\"summary\" \/>\n<meta name=\"twitter:site\" content=\"@ADD_Associes\" \/>\n<script type=\"application\/ld+json\" class=\"yoast-schema-graph\">{\"@context\":\"https:\/\/schema.org\",\"@graph\":[{\"@type\":\"WebPage\",\"@id\":\"https:\/\/old.add-associes.com\/es\/a-propos-de-add-associes\/carrieres\/\",\"url\":\"https:\/\/old.add-associes.com\/es\/a-propos-de-add-associes\/carrieres\/\",\"name\":\"RECORRIDOS PROFESIONALES\",\"isPartOf\":{\"@id\":\"https:\/\/old.add-associes.com\/#website\"},\"datePublished\":\"2015-04-21T19:41:32+00:00\",\"dateModified\":\"2017-02-14T09:25:53+00:00\",\"breadcrumb\":{\"@id\":\"https:\/\/old.add-associes.com\/es\/a-propos-de-add-associes\/carrieres\/#breadcrumb\"},\"inLanguage\":\"es\",\"potentialAction\":[{\"@type\":\"ReadAction\",\"target\":[\"https:\/\/old.add-associes.com\/es\/a-propos-de-add-associes\/carrieres\/\"]}]},{\"@type\":\"BreadcrumbList\",\"@id\":\"https:\/\/old.add-associes.com\/es\/a-propos-de-add-associes\/carrieres\/#breadcrumb\",\"itemListElement\":[{\"@type\":\"ListItem\",\"position\":1,\"name\":\"Home\",\"item\":\"https:\/\/old.add-associes.com\/es\/\"},{\"@type\":\"ListItem\",\"position\":2,\"name\":\"Acerca de ADD \u25a0 ASSOCI\u00c9S\",\"item\":\"https:\/\/old.add-associes.com\/es\/a-propos-de-add-associes\/\"},{\"@type\":\"ListItem\",\"position\":3,\"name\":\"RECORRIDOS PROFESIONALES\"}]},{\"@type\":\"WebSite\",\"@id\":\"https:\/\/old.add-associes.com\/#website\",\"url\":\"https:\/\/old.add-associes.com\/\",\"name\":\"ADD ASSOCI\u00c9S\",\"description\":\"\",\"potentialAction\":[{\"@type\":\"SearchAction\",\"target\":{\"@type\":\"EntryPoint\",\"urlTemplate\":\"https:\/\/old.add-associes.com\/?s={search_term_string}\"},\"query-input\":\"required name=search_term_string\"}],\"inLanguage\":\"es\"}]}<\/script>\n<!-- \/ Yoast SEO plugin. -->","yoast_head_json":{"title":"RECORRIDOS PROFESIONALES","robots":{"index":"noindex","follow":"follow","max-snippet":"max-snippet:-1","max-image-preview":"max-image-preview:large","max-video-preview":"max-video-preview:-1"},"og_locale":"es_ES","og_type":"article","og_title":"RECORRIDOS PROFESIONALES","og_description":"Incorporarse a ADD Associ\u00e9s es integrarse a un equipo formado por profesionales din\u00e1micos, expertos en nuestro \u00e1mbito de actividad y a la escucha de sus colaboradores y sus clientes. \u00a0 A lo largo de todo el a\u00f1o buscamos a los mejores candidatos en pr\u00e1cticas o colaboradores para incorporarse a nuestro equipo.\u00a0 Desea especializarse en una [&hellip;]","og_url":"https:\/\/old.add-associes.com\/es\/a-propos-de-add-associes\/carrieres\/","og_site_name":"ADD ASSOCI\u00c9S","article_publisher":"https:\/\/www.facebook.com\/pages\/ADD-Genealogie\/726546164072497?fref=ts","article_modified_time":"2017-02-14T09:25:53+00:00","twitter_card":"summary","twitter_site":"@ADD_Associes","schema":{"@context":"https:\/\/schema.org","@graph":[{"@type":"WebPage","@id":"https:\/\/old.add-associes.com\/es\/a-propos-de-add-associes\/carrieres\/","url":"https:\/\/old.add-associes.com\/es\/a-propos-de-add-associes\/carrieres\/","name":"RECORRIDOS PROFESIONALES","isPartOf":{"@id":"https:\/\/old.add-associes.com\/#website"},"datePublished":"2015-04-21T19:41:32+00:00","dateModified":"2017-02-14T09:25:53+00:00","breadcrumb":{"@id":"https:\/\/old.add-associes.com\/es\/a-propos-de-add-associes\/carrieres\/#breadcrumb"},"inLanguage":"es","potentialAction":[{"@type":"ReadAction","target":["https:\/\/old.add-associes.com\/es\/a-propos-de-add-associes\/carrieres\/"]}]},{"@type":"BreadcrumbList","@id":"https:\/\/old.add-associes.com\/es\/a-propos-de-add-associes\/carrieres\/#breadcrumb","itemListElement":[{"@type":"ListItem","position":1,"name":"Home","item":"https:\/\/old.add-associes.com\/es\/"},{"@type":"ListItem","position":2,"name":"Acerca de ADD \u25a0 ASSOCI\u00c9S","item":"https:\/\/old.add-associes.com\/es\/a-propos-de-add-associes\/"},{"@type":"ListItem","position":3,"name":"RECORRIDOS PROFESIONALES"}]},{"@type":"WebSite","@id":"https:\/\/old.add-associes.com\/#website","url":"https:\/\/old.add-associes.com\/","name":"ADD ASSOCI\u00c9S","description":"","potentialAction":[{"@type":"SearchAction","target":{"@type":"EntryPoint","urlTemplate":"https:\/\/old.add-associes.com\/?s={search_term_string}"},"query-input":"required name=search_term_string"}],"inLanguage":"es"}]}},"_links":{"self":[{"href":"https:\/\/old.add-associes.com\/es\/wp-json\/wp\/v2\/pages\/1978"}],"collection":[{"href":"https:\/\/old.add-associes.com\/es\/wp-json\/wp\/v2\/pages"}],"about":[{"href":"https:\/\/old.add-associes.com\/es\/wp-json\/wp\/v2\/types\/page"}],"author":[{"embeddable":true,"href":"https:\/\/old.add-associes.com\/es\/wp-json\/wp\/v2\/users\/4"}],"replies":[{"embeddable":true,"href":"https:\/\/old.add-associes.com\/es\/wp-json\/wp\/v2\/comments?post=1978"}],"version-history":[{"count":3,"href":"https:\/\/old.add-associes.com\/es\/wp-json\/wp\/v2\/pages\/1978\/revisions"}],"predecessor-version":[{"id":3157,"href":"https:\/\/old.add-associes.com\/es\/wp-json\/wp\/v2\/pages\/1978\/revisions\/3157"}],"up":[{"embeddable":true,"href":"https:\/\/old.add-associes.com\/es\/wp-json\/wp\/v2\/pages\/1964"}],"wp:attachment":[{"href":"https:\/\/old.add-associes.com\/es\/wp-json\/wp\/v2\/media?parent=1978"}],"curies":[{"name":"wp","href":"https:\/\/api.w.org\/{rel}","templated":true}]}}