{"id":1918,"date":"2015-04-22T00:30:43","date_gmt":"2015-04-22T00:30:43","guid":{"rendered":"https:\/\/old.add-associes.com\/es\/mention-legales\/"},"modified":"2017-02-14T10:32:35","modified_gmt":"2017-02-14T10:32:35","slug":"mention-legales","status":"publish","type":"page","link":"https:\/\/old.add-associes.com\/es\/mention-legales\/","title":{"rendered":"AVISO LEGAL"},"content":{"rendered":"<h3 style=\"text-align: center;\">\u00a0<\/h3>\n<h3 style=\"text-align: center;\">Informaci\u00f3n Editor<\/h3>\n<p style=\"text-align: center;\">\u00a0<\/p>\n<p style=\"text-align: center;\">Denominaci\u00f3n social: ADD Associ\u00e9s<\/p>\n<p style=\"text-align: center;\">\u00a0<\/p>\n<p style=\"text-align: center;\">Domicilio social: 4, avenue du Coq &#8211; 75009 Paris \u2013Francia<\/p>\n<p style=\"text-align: center;\">\u00a0<\/p>\n<p style=\"text-align: center;\">N\u00famero de tel\u00e9fono: +33 (0)1 44 94 91 91<\/p>\n<p style=\"text-align: center;\">N\u00famero de fax: +33 (0)1 44 94 91 92<\/p>\n<p style=\"text-align: center;\">Contacto e-mail: contact@add-genealogie.com<\/p>\n<p style=\"text-align: center;\">\u00a0<\/p>\n<p style=\"text-align: center;\">N\u00b0 IVA Intracomunitario: FR76 379427420<\/p>\n<p style=\"text-align: center;\">N\u00famero RCS: 379427420<\/p>\n<p style=\"text-align: center;\">\u00a0<\/p>\n<p style=\"text-align: center;\">Capital social: 100.000 \u20ac<\/p>\n<p style=\"text-align: center;\">\u00a0<\/p>\n<p style=\"text-align: center;\">Director de la publicaci\u00f3n: Veronique Cantegrel<\/p>\n<h3 style=\"text-align: center;\">\u00a0<\/h3>\n<h3 style=\"text-align: center;\">Informaci\u00f3n Dise\u00f1ador<\/h3>\n<p style=\"text-align: center;\">\u00a0<\/p>\n<p style=\"text-align: center;\">Denominaci\u00f3n social: Eliott y Markus<\/p>\n<p style=\"text-align: center;\">Domicilio social: 8, rue Myrha &#8211; 75018 Paris \u2013 Francia<\/p>\n<p style=\"text-align: center;\">N\u00famero de tel\u00e9fono: 01 53 41 41 96<\/p>\n<p style=\"text-align: center;\">\u00a0<\/p>\n<h3 style=\"text-align: center;\">Informaci\u00f3n Alojamiento web<\/h3>\n<p style=\"text-align: center;\">\u00a0<\/p>\n<p style=\"text-align: center;\">OVH\u00a0<\/p>\n<p style=\"text-align: center;\">\u00a0<\/p>\n<p style=\"text-align: center;\"><strong>Ley inform\u00e1tica y libertades: <\/strong>En virtud del art\u00edculo 32 de la ley francesa n\u00b0 78-17 de 06.01.1978 modificada en 2004, le informamos de que los datos personales (registro civil, listas nominativas de censos de poblaci\u00f3n, listas electorales, tablas de sucesiones y ausencias, tablas de registros de matr\u00edculas, esquelas, etc.) son objeto de un tratamiento automatizado por el Gabinete geneal\u00f3gico ADD Associ\u00e9s con fines de b\u00fasqueda de herederos.<\/p>\n<p style=\"text-align: center;\">Estos datos est\u00e1n reservados para uso de los servicios correspondientes y s\u00f3lo pueden ser comunicados a los siguientes destinatarios: genealogistas-investigadores.<\/p>\n<p style=\"text-align: center;\">Conforme a las disposiciones de la ley \u201cInform\u00e1tica y Libertades\u201d (art. 38 y s.), dispone de un derecho de acceso y de rectificaci\u00f3n de sus datos personales.<\/p>\n<p style=\"text-align: center;\">Tambi\u00e9n puede oponerse al tratamiento por motivos leg\u00edtimos.<\/p>\n<p style=\"text-align: center;\">Para ejercitar sus derechos, dir\u00edjase por correo a: \u201cADD Associ\u00e9s, 4\u00a0avenue du\u00a0Coq 75009 Paris &#8211; Francia\u201d.<\/p>\n","protected":false},"excerpt":{"rendered":"<p>\u00a0 Informaci\u00f3n Editor \u00a0 Denominaci\u00f3n social: ADD Associ\u00e9s \u00a0 Domicilio social: 4, avenue du Coq &#8211; 75009 Paris \u2013Francia \u00a0 N\u00famero de tel\u00e9fono: +33 (0)1 44 94 91 91 N\u00famero de fax: +33 (0)1 44 94 91 92 Contacto e-mail: contact@add-genealogie.com \u00a0 N\u00b0 IVA Intracomunitario: FR76 379427420 N\u00famero RCS: 379427420 \u00a0 Capital social: 100.000 \u20ac [&hellip;]<\/p>\n","protected":false},"author":4,"featured_media":0,"parent":0,"menu_order":10,"comment_status":"closed","ping_status":"closed","template":"","meta":[],"acf":[],"yoast_head":"<!-- This site is optimized with the Yoast SEO plugin v19.7.2 - https:\/\/yoast.com\/wordpress\/plugins\/seo\/ -->\n<title>AVISO LEGAL<\/title>\n<meta name=\"robots\" content=\"noindex, follow, max-snippet:-1, max-image-preview:large, max-video-preview:-1\" \/>\n<meta property=\"og:locale\" content=\"es_ES\" \/>\n<meta property=\"og:type\" content=\"article\" \/>\n<meta property=\"og:title\" content=\"AVISO LEGAL\" \/>\n<meta property=\"og:description\" content=\"\u00a0 Informaci\u00f3n Editor \u00a0 Denominaci\u00f3n social: ADD Associ\u00e9s \u00a0 Domicilio social: 4, avenue du Coq &#8211; 75009 Paris \u2013Francia \u00a0 N\u00famero de tel\u00e9fono: +33 (0)1 44 94 91 91 N\u00famero de fax: +33 (0)1 44 94 91 92 Contacto e-mail: contact@add-genealogie.com \u00a0 N\u00b0 IVA Intracomunitario: FR76 379427420 N\u00famero RCS: 379427420 \u00a0 Capital social: 100.000 \u20ac [&hellip;]\" \/>\n<meta property=\"og:url\" content=\"https:\/\/old.add-associes.com\/es\/mention-legales\/\" \/>\n<meta property=\"og:site_name\" content=\"ADD ASSOCI\u00c9S\" \/>\n<meta property=\"article:publisher\" content=\"https:\/\/www.facebook.com\/pages\/ADD-Genealogie\/726546164072497?fref=ts\" \/>\n<meta property=\"article:modified_time\" content=\"2017-02-14T10:32:35+00:00\" \/>\n<meta name=\"twitter:card\" content=\"summary\" \/>\n<meta name=\"twitter:site\" content=\"@ADD_Associes\" \/>\n<meta name=\"twitter:label1\" content=\"Tiempo de lectura\" \/>\n\t<meta name=\"twitter:data1\" content=\"1 minuto\" \/>\n<script type=\"application\/ld+json\" class=\"yoast-schema-graph\">{\"@context\":\"https:\/\/schema.org\",\"@graph\":[{\"@type\":\"WebPage\",\"@id\":\"https:\/\/old.add-associes.com\/es\/mention-legales\/\",\"url\":\"https:\/\/old.add-associes.com\/es\/mention-legales\/\",\"name\":\"AVISO LEGAL\",\"isPartOf\":{\"@id\":\"https:\/\/old.add-associes.com\/#website\"},\"datePublished\":\"2015-04-22T00:30:43+00:00\",\"dateModified\":\"2017-02-14T10:32:35+00:00\",\"breadcrumb\":{\"@id\":\"https:\/\/old.add-associes.com\/es\/mention-legales\/#breadcrumb\"},\"inLanguage\":\"es\",\"potentialAction\":[{\"@type\":\"ReadAction\",\"target\":[\"https:\/\/old.add-associes.com\/es\/mention-legales\/\"]}]},{\"@type\":\"BreadcrumbList\",\"@id\":\"https:\/\/old.add-associes.com\/es\/mention-legales\/#breadcrumb\",\"itemListElement\":[{\"@type\":\"ListItem\",\"position\":1,\"name\":\"Home\",\"item\":\"https:\/\/old.add-associes.com\/es\/\"},{\"@type\":\"ListItem\",\"position\":2,\"name\":\"AVISO LEGAL\"}]},{\"@type\":\"WebSite\",\"@id\":\"https:\/\/old.add-associes.com\/#website\",\"url\":\"https:\/\/old.add-associes.com\/\",\"name\":\"ADD ASSOCI\u00c9S\",\"description\":\"\",\"potentialAction\":[{\"@type\":\"SearchAction\",\"target\":{\"@type\":\"EntryPoint\",\"urlTemplate\":\"https:\/\/old.add-associes.com\/?s={search_term_string}\"},\"query-input\":\"required name=search_term_string\"}],\"inLanguage\":\"es\"}]}<\/script>\n<!-- \/ Yoast SEO plugin. -->","yoast_head_json":{"title":"AVISO LEGAL","robots":{"index":"noindex","follow":"follow","max-snippet":"max-snippet:-1","max-image-preview":"max-image-preview:large","max-video-preview":"max-video-preview:-1"},"og_locale":"es_ES","og_type":"article","og_title":"AVISO LEGAL","og_description":"\u00a0 Informaci\u00f3n Editor \u00a0 Denominaci\u00f3n social: ADD Associ\u00e9s \u00a0 Domicilio social: 4, avenue du Coq &#8211; 75009 Paris \u2013Francia \u00a0 N\u00famero de tel\u00e9fono: +33 (0)1 44 94 91 91 N\u00famero de fax: +33 (0)1 44 94 91 92 Contacto e-mail: contact@add-genealogie.com \u00a0 N\u00b0 IVA Intracomunitario: FR76 379427420 N\u00famero RCS: 379427420 \u00a0 Capital social: 100.000 \u20ac [&hellip;]","og_url":"https:\/\/old.add-associes.com\/es\/mention-legales\/","og_site_name":"ADD ASSOCI\u00c9S","article_publisher":"https:\/\/www.facebook.com\/pages\/ADD-Genealogie\/726546164072497?fref=ts","article_modified_time":"2017-02-14T10:32:35+00:00","twitter_card":"summary","twitter_site":"@ADD_Associes","twitter_misc":{"Tiempo de lectura":"1 minuto"},"schema":{"@context":"https:\/\/schema.org","@graph":[{"@type":"WebPage","@id":"https:\/\/old.add-associes.com\/es\/mention-legales\/","url":"https:\/\/old.add-associes.com\/es\/mention-legales\/","name":"AVISO LEGAL","isPartOf":{"@id":"https:\/\/old.add-associes.com\/#website"},"datePublished":"2015-04-22T00:30:43+00:00","dateModified":"2017-02-14T10:32:35+00:00","breadcrumb":{"@id":"https:\/\/old.add-associes.com\/es\/mention-legales\/#breadcrumb"},"inLanguage":"es","potentialAction":[{"@type":"ReadAction","target":["https:\/\/old.add-associes.com\/es\/mention-legales\/"]}]},{"@type":"BreadcrumbList","@id":"https:\/\/old.add-associes.com\/es\/mention-legales\/#breadcrumb","itemListElement":[{"@type":"ListItem","position":1,"name":"Home","item":"https:\/\/old.add-associes.com\/es\/"},{"@type":"ListItem","position":2,"name":"AVISO LEGAL"}]},{"@type":"WebSite","@id":"https:\/\/old.add-associes.com\/#website","url":"https:\/\/old.add-associes.com\/","name":"ADD ASSOCI\u00c9S","description":"","potentialAction":[{"@type":"SearchAction","target":{"@type":"EntryPoint","urlTemplate":"https:\/\/old.add-associes.com\/?s={search_term_string}"},"query-input":"required name=search_term_string"}],"inLanguage":"es"}]}},"_links":{"self":[{"href":"https:\/\/old.add-associes.com\/es\/wp-json\/wp\/v2\/pages\/1918"}],"collection":[{"href":"https:\/\/old.add-associes.com\/es\/wp-json\/wp\/v2\/pages"}],"about":[{"href":"https:\/\/old.add-associes.com\/es\/wp-json\/wp\/v2\/types\/page"}],"author":[{"embeddable":true,"href":"https:\/\/old.add-associes.com\/es\/wp-json\/wp\/v2\/users\/4"}],"replies":[{"embeddable":true,"href":"https:\/\/old.add-associes.com\/es\/wp-json\/wp\/v2\/comments?post=1918"}],"version-history":[{"count":5,"href":"https:\/\/old.add-associes.com\/es\/wp-json\/wp\/v2\/pages\/1918\/revisions"}],"predecessor-version":[{"id":3168,"href":"https:\/\/old.add-associes.com\/es\/wp-json\/wp\/v2\/pages\/1918\/revisions\/3168"}],"wp:attachment":[{"href":"https:\/\/old.add-associes.com\/es\/wp-json\/wp\/v2\/media?parent=1918"}],"curies":[{"name":"wp","href":"https:\/\/api.w.org\/{rel}","templated":true}]}}