{"id":2398,"date":"2015-04-26T14:43:04","date_gmt":"2015-04-26T14:43:04","guid":{"rendered":"https:\/\/old.add-associes.com\/de\/un-particulier\/video\/"},"modified":"2016-04-15T12:46:22","modified_gmt":"2016-04-15T12:46:22","slug":"video","status":"publish","type":"page","link":"https:\/\/old.add-associes.com\/de\/nos-publications\/video\/","title":{"rendered":"Video"},"content":{"rendered":"","protected":false},"excerpt":{"rendered":"","protected":false},"author":4,"featured_media":0,"parent":1943,"menu_order":1,"comment_status":"closed","ping_status":"open","template":"","meta":[],"acf":[],"yoast_head":"<!-- This site is optimized with the Yoast SEO plugin v19.7.2 - https:\/\/yoast.com\/wordpress\/plugins\/seo\/ -->\n<title>Notre m\u00e9tier - ADD ASSOCI\u00c9S<\/title>\n<meta name=\"description\" content=\"Le r\u00e8glement d\u2019une succession ou l\u2019identification d\u2019h\u00e9ritiers peuvent s\u2019av\u00e9rer compliqu\u00e9s \u00e0 comprendre. D\u00e9couvrez notre m\u00e9tier en vid\u00e9o.\" \/>\n<meta name=\"robots\" content=\"noindex, follow, max-snippet:-1, max-image-preview:large, max-video-preview:-1\" \/>\n<meta property=\"og:locale\" content=\"de_DE\" \/>\n<meta property=\"og:type\" content=\"article\" \/>\n<meta property=\"og:title\" content=\"Notre m\u00e9tier - ADD ASSOCI\u00c9S\" \/>\n<meta property=\"og:description\" content=\"Le r\u00e8glement d\u2019une succession ou l\u2019identification d\u2019h\u00e9ritiers peuvent s\u2019av\u00e9rer compliqu\u00e9s \u00e0 comprendre. D\u00e9couvrez notre m\u00e9tier en vid\u00e9o.\" \/>\n<meta property=\"og:url\" content=\"https:\/\/old.add-associes.com\/de\/nos-publications\/video\/\" \/>\n<meta property=\"og:site_name\" content=\"ADD ASSOCI\u00c9S\" \/>\n<meta property=\"article:publisher\" content=\"https:\/\/www.facebook.com\/pages\/ADD-Genealogie\/726546164072497?fref=ts\" \/>\n<meta property=\"article:modified_time\" content=\"2016-04-15T12:46:22+00:00\" \/>\n<meta name=\"twitter:card\" content=\"summary\" \/>\n<meta name=\"twitter:site\" content=\"@ADD_Associes\" \/>\n<script type=\"application\/ld+json\" class=\"yoast-schema-graph\">{\"@context\":\"https:\/\/schema.org\",\"@graph\":[{\"@type\":\"WebPage\",\"@id\":\"https:\/\/old.add-associes.com\/de\/nos-publications\/video\/\",\"url\":\"https:\/\/old.add-associes.com\/de\/nos-publications\/video\/\",\"name\":\"Notre m\u00e9tier - ADD ASSOCI\u00c9S\",\"isPartOf\":{\"@id\":\"https:\/\/old.add-associes.com\/#website\"},\"datePublished\":\"2015-04-26T14:43:04+00:00\",\"dateModified\":\"2016-04-15T12:46:22+00:00\",\"description\":\"Le r\u00e8glement d\u2019une succession ou l\u2019identification d\u2019h\u00e9ritiers peuvent s\u2019av\u00e9rer compliqu\u00e9s \u00e0 comprendre. D\u00e9couvrez notre m\u00e9tier en vid\u00e9o.\",\"breadcrumb\":{\"@id\":\"https:\/\/old.add-associes.com\/de\/nos-publications\/video\/#breadcrumb\"},\"inLanguage\":\"de\",\"potentialAction\":[{\"@type\":\"ReadAction\",\"target\":[\"https:\/\/old.add-associes.com\/de\/nos-publications\/video\/\"]}]},{\"@type\":\"BreadcrumbList\",\"@id\":\"https:\/\/old.add-associes.com\/de\/nos-publications\/video\/#breadcrumb\",\"itemListElement\":[{\"@type\":\"ListItem\",\"position\":1,\"name\":\"Home\",\"item\":\"https:\/\/old.add-associes.com\/de\/\"},{\"@type\":\"ListItem\",\"position\":2,\"name\":\"UNSERE PUBLIKATIONEN\",\"item\":\"https:\/\/old.add-associes.com\/de\/nos-publications\/\"},{\"@type\":\"ListItem\",\"position\":3,\"name\":\"Video\"}]},{\"@type\":\"WebSite\",\"@id\":\"https:\/\/old.add-associes.com\/#website\",\"url\":\"https:\/\/old.add-associes.com\/\",\"name\":\"ADD ASSOCI\u00c9S\",\"description\":\"\",\"potentialAction\":[{\"@type\":\"SearchAction\",\"target\":{\"@type\":\"EntryPoint\",\"urlTemplate\":\"https:\/\/old.add-associes.com\/?s={search_term_string}\"},\"query-input\":\"required name=search_term_string\"}],\"inLanguage\":\"de\"}]}<\/script>\n<!-- \/ Yoast SEO plugin. -->","yoast_head_json":{"title":"Notre m\u00e9tier - ADD ASSOCI\u00c9S","description":"Le r\u00e8glement d\u2019une succession ou l\u2019identification d\u2019h\u00e9ritiers peuvent s\u2019av\u00e9rer compliqu\u00e9s \u00e0 comprendre. D\u00e9couvrez notre m\u00e9tier en vid\u00e9o.","robots":{"index":"noindex","follow":"follow","max-snippet":"max-snippet:-1","max-image-preview":"max-image-preview:large","max-video-preview":"max-video-preview:-1"},"og_locale":"de_DE","og_type":"article","og_title":"Notre m\u00e9tier - ADD ASSOCI\u00c9S","og_description":"Le r\u00e8glement d\u2019une succession ou l\u2019identification d\u2019h\u00e9ritiers peuvent s\u2019av\u00e9rer compliqu\u00e9s \u00e0 comprendre. D\u00e9couvrez notre m\u00e9tier en vid\u00e9o.","og_url":"https:\/\/old.add-associes.com\/de\/nos-publications\/video\/","og_site_name":"ADD ASSOCI\u00c9S","article_publisher":"https:\/\/www.facebook.com\/pages\/ADD-Genealogie\/726546164072497?fref=ts","article_modified_time":"2016-04-15T12:46:22+00:00","twitter_card":"summary","twitter_site":"@ADD_Associes","schema":{"@context":"https:\/\/schema.org","@graph":[{"@type":"WebPage","@id":"https:\/\/old.add-associes.com\/de\/nos-publications\/video\/","url":"https:\/\/old.add-associes.com\/de\/nos-publications\/video\/","name":"Notre m\u00e9tier - ADD ASSOCI\u00c9S","isPartOf":{"@id":"https:\/\/old.add-associes.com\/#website"},"datePublished":"2015-04-26T14:43:04+00:00","dateModified":"2016-04-15T12:46:22+00:00","description":"Le r\u00e8glement d\u2019une succession ou l\u2019identification d\u2019h\u00e9ritiers peuvent s\u2019av\u00e9rer compliqu\u00e9s \u00e0 comprendre. D\u00e9couvrez notre m\u00e9tier en vid\u00e9o.","breadcrumb":{"@id":"https:\/\/old.add-associes.com\/de\/nos-publications\/video\/#breadcrumb"},"inLanguage":"de","potentialAction":[{"@type":"ReadAction","target":["https:\/\/old.add-associes.com\/de\/nos-publications\/video\/"]}]},{"@type":"BreadcrumbList","@id":"https:\/\/old.add-associes.com\/de\/nos-publications\/video\/#breadcrumb","itemListElement":[{"@type":"ListItem","position":1,"name":"Home","item":"https:\/\/old.add-associes.com\/de\/"},{"@type":"ListItem","position":2,"name":"UNSERE PUBLIKATIONEN","item":"https:\/\/old.add-associes.com\/de\/nos-publications\/"},{"@type":"ListItem","position":3,"name":"Video"}]},{"@type":"WebSite","@id":"https:\/\/old.add-associes.com\/#website","url":"https:\/\/old.add-associes.com\/","name":"ADD ASSOCI\u00c9S","description":"","potentialAction":[{"@type":"SearchAction","target":{"@type":"EntryPoint","urlTemplate":"https:\/\/old.add-associes.com\/?s={search_term_string}"},"query-input":"required name=search_term_string"}],"inLanguage":"de"}]}},"_links":{"self":[{"href":"https:\/\/old.add-associes.com\/de\/wp-json\/wp\/v2\/pages\/2398"}],"collection":[{"href":"https:\/\/old.add-associes.com\/de\/wp-json\/wp\/v2\/pages"}],"about":[{"href":"https:\/\/old.add-associes.com\/de\/wp-json\/wp\/v2\/types\/page"}],"author":[{"embeddable":true,"href":"https:\/\/old.add-associes.com\/de\/wp-json\/wp\/v2\/users\/4"}],"replies":[{"embeddable":true,"href":"https:\/\/old.add-associes.com\/de\/wp-json\/wp\/v2\/comments?post=2398"}],"version-history":[{"count":2,"href":"https:\/\/old.add-associes.com\/de\/wp-json\/wp\/v2\/pages\/2398\/revisions"}],"predecessor-version":[{"id":3041,"href":"https:\/\/old.add-associes.com\/de\/wp-json\/wp\/v2\/pages\/2398\/revisions\/3041"}],"up":[{"embeddable":true,"href":"https:\/\/old.add-associes.com\/de\/wp-json\/wp\/v2\/pages\/1943"}],"wp:attachment":[{"href":"https:\/\/old.add-associes.com\/de\/wp-json\/wp\/v2\/media?parent=2398"}],"curies":[{"name":"wp","href":"https:\/\/api.w.org\/{rel}","templated":true}]}}