{"id":2226,"date":"2015-04-21T19:42:41","date_gmt":"2015-04-21T19:42:41","guid":{"rendered":"https:\/\/old.add-associes.com\/de\/nos-engagements\/charte-et-garanties\/"},"modified":"2016-01-27T09:42:11","modified_gmt":"2016-01-27T09:42:11","slug":"charte-et-garanties","status":"publish","type":"page","link":"https:\/\/old.add-associes.com\/de\/nos-engagements\/charte-et-garanties\/","title":{"rendered":"CHARTA UND GARANTIEN"},"content":{"rendered":"<h2>CHARTA UND GARANTIEN<\/h2>\n<p>&nbsp;<\/p>\n<p>&nbsp;<\/p>\n<p style=\"text-align: left;\"><span class=\"custom_font\"><strong>EIN BERUF MIT RAHMENVORGABEN<\/strong><\/span><\/p>\n<p style=\"text-align: left;\">\u00a0<\/p>\n<p style=\"text-align: left;\">Die T\u00e4tigkeit der Erbenermittlung st\u00fctzt sich auf Artikel 36 des Gesetzes vom 23. Juni 2006 &#8211; Gesetz \u00fcber die Reform von Nachl\u00e4ssen und Schenkungen zu Lebzeiten.<\/p>\n<p style=\"text-align: left;\">\u00a0<\/p>\n<p style=\"text-align: left;\">Im \u00dcbrigen ist ADD\u00a0\u25a0\u00a0Associ\u00e9s Mitglied der Chambre Nationale des G\u00e9n\u00e9alogistes (franz\u00f6sische Genealogenkammer),\u00a0die wiederum eine Vereinigung mit 6 anderen Berufsverb\u00e4nden innerhalb der\u00a0G\u00e9n\u00e9alogistes de France (Genealogen Frankreichs) bildet\u00a0France.\u00a0<\/p>\n<p style=\"text-align: left;\">\u00a0<\/p>\n<p style=\"text-align: left;\">In diesem Zusammenhang gilt f\u00fcr die Kanzlei, ihre Teilhaber und Mitarbeiter Folgendes:<\/p>\n<p style=\"text-align: left;\">\u00a0<\/p>\n<ul style=\"text-align: left;\">\n<li>Sie halten die Deontologiecharta der Berufsgruppe vom 7. Juni 2013 ein.(Zugriff auf die Charte Deontologie-Charta)<\/li>\n<li>Sie halten das Partnerschaftsabkommen mit dem Conseil Sup\u00e9rieur du Notariat (Oberste Notarkammer) vom 19. Mai 2015 ein, das sie Modalit\u00e4ten der Zusammenarbeit zwischen den beiden Berufsgruppen und ihre jeweiligen Pflichten regelt.(Zugriff auf das\u00a0convention Partnerschaftsabkommen)\u00a0partenariat)<\/li>\n<li>Sie sind Inhaber einer Berufskarte und im Besitz von Sondergenehmigungen, die ihnen der Interministerielle Archivdienst Frankreichs und die Oberstaatsanw\u00e4lte gemeinsam erteilt haben, damit sie Personenstandsdaten, die weniger als 75 Jahre alt sind, einsehen und kopieren k\u00f6nnen.<\/li>\n<li>Sie arbeiten mit einem Datenschutzberater (CIL) zusammen, der die Konformit\u00e4t der datentechnischen Verarbeitung mit dem franz\u00f6sischen Datenschutzgesetz vom 6. Januar 1978 gew\u00e4hrleistet.<\/li>\n<li>Sie haben eine Berufshaftpflichtversicherung und eine Finanzgarantie bei Covea Risks bzw. Covea Caution abgeschlossen, unter den Policennr. 120 133\u00a0160 bzw. 120 133\u00a0160.<\/li>\n<li>Und schlie\u00dflich sind die Kanzlei und ihre Tochterunternehmen seit dem 17. Dezember 2008 Tr\u00e4ger des ISO 9001 Zertifikats.<\/li>\n<\/ul>\n<p style=\"text-align: left;\">\u00a0<\/p>\n<p style=\"text-align: left;\">\u00a0<\/p>\n<p style=\"text-align: left;\"><span class=\"custom_font\"><strong>DEONTOLOGIE IM ZENTRUM DEST\u00c4TIGKEITSFELDS VON ADD \u25a0 ASSOCI\u00c9S<\/strong><\/span><\/p>\n<p style=\"text-align: left;\">\u00a0<\/p>\n<p style=\"text-align: left;\">Seit ihrer Gr\u00fcndung hat die Kanzlei ADD\u00a0\u25a0\u00a0Associ\u00e9s in gro\u00dfem Stil zur Regulierung und Gestaltung des Berufszweigs beigetragen.<\/p>\n<p style=\"text-align: left;\">So wurde Antoine Djikpa, Teilhaber der Kanzlei, zum Vorsitzenden des Berufsverbands der G\u00e9n\u00e9alogistes de\u00a0France gew\u00e4hlt. ADD\u00a0\u25a0\u00a0Associ\u00e9s tr\u00e4gt wesentlich dazu bei, die Erbenermittlung zu einem Berufszweig zu machen, der denen, die seine Dienste in Anspruch nehmen, alle erforderlichen Garantien bietet.<\/p>\n<p style=\"text-align: left;\">\u00a0<\/p>\n<p style=\"text-align: left;\">\u00a0<\/p>\n<p style=\"text-align: left;\"><span class=\"custom_font\"><strong>ADD \u25a0 ASSOCI\u00c9S ALS PARTNER DES NOTARIATS<\/strong><\/span><\/p>\n<p style=\"text-align: left;\">\u00a0<\/p>\n<p style=\"text-align: left;\">Die Chambre Nationale des G\u00e9n\u00e9alogistes (franz\u00f6sische Genealogenkammer), der ADD \u25a0 Associ\u00e9s angeh\u00f6rt, ist Unterzeichner des Partnerschaftsabkommens vom 19.05.2015, das den Rahmen f\u00fcr die Beziehungen zwischen Notaren und Genealogen sowie ihre jeweiligen Verpflichtungen festlegt.<\/p>\n<p style=\"text-align: left;\">\u00a0<\/p>\n<p style=\"text-align: left;\">\u00a0<\/p>\n<p style=\"text-align: left;\"><span class=\"custom_font\"><strong>ZUSATZGARANTIEN VON ADD \u25a0 ASSOCI\u00c9S<\/strong><\/span><\/p>\n<p style=\"text-align: left;\">\u00a0<\/p>\n<p style=\"text-align: left;\">Wenn ein Genealoge zur Zertifizierung einer Erbfolge t\u00e4tig wird, haftet er daf\u00fcr mit seiner Berufshaftpflicht. Die Mitglieder der Chambre Nationale des G\u00e9n\u00e9alogistes schlie\u00dfen Berufshaftpflichtversicherungen ab.<\/p>\n<p style=\"text-align: left;\">ADD \u25a0\u00a0Associ\u00e9s hat dar\u00fcber hinaus eine Zusatzhaftpflichtversicherung abgeschlossen, um die Versicherungssummen zu erh\u00f6hen (Covea Risk: Police Nr. 120 133 160).<\/p>\n<p style=\"text-align: left;\">\u00a0<\/p>\n<p style=\"text-align: left;\">Dasselbe gilt f\u00fcr die Finanzgarantie.<\/p>\n<p style=\"text-align: left;\">\u00a0<\/p>\n<p style=\"text-align: left;\">Diese Zusatzgarantien stellen einen wichtigen Schutz f\u00fcr die Klienten der Kanzlei dar.<\/p>\n","protected":false},"excerpt":{"rendered":"<p>CHARTA UND GARANTIEN &nbsp; &nbsp; EIN BERUF MIT RAHMENVORGABEN \u00a0 Die T\u00e4tigkeit der Erbenermittlung st\u00fctzt sich auf Artikel 36 des Gesetzes vom 23. Juni 2006 &#8211; Gesetz \u00fcber die Reform von Nachl\u00e4ssen und Schenkungen zu Lebzeiten. \u00a0 Im \u00dcbrigen ist ADD\u00a0\u25a0\u00a0Associ\u00e9s Mitglied der Chambre Nationale des G\u00e9n\u00e9alogistes (franz\u00f6sische Genealogenkammer),\u00a0die wiederum eine Vereinigung mit 6 anderen [&hellip;]<\/p>\n","protected":false},"author":4,"featured_media":0,"parent":1940,"menu_order":1,"comment_status":"closed","ping_status":"open","template":"","meta":[],"acf":[],"yoast_head":"<!-- This site is optimized with the Yoast SEO plugin v19.7.2 - https:\/\/yoast.com\/wordpress\/plugins\/seo\/ -->\n<title>CHARTA UND GARANTIEN<\/title>\n<meta name=\"robots\" content=\"noindex, follow, max-snippet:-1, max-image-preview:large, max-video-preview:-1\" \/>\n<meta property=\"og:locale\" content=\"de_DE\" \/>\n<meta property=\"og:type\" content=\"article\" \/>\n<meta property=\"og:title\" content=\"CHARTA UND GARANTIEN\" \/>\n<meta property=\"og:description\" content=\"CHARTA UND GARANTIEN &nbsp; &nbsp; EIN BERUF MIT RAHMENVORGABEN \u00a0 Die T\u00e4tigkeit der Erbenermittlung st\u00fctzt sich auf Artikel 36 des Gesetzes vom 23. Juni 2006 &#8211; Gesetz \u00fcber die Reform von Nachl\u00e4ssen und Schenkungen zu Lebzeiten. \u00a0 Im \u00dcbrigen ist ADD\u00a0\u25a0\u00a0Associ\u00e9s Mitglied der Chambre Nationale des G\u00e9n\u00e9alogistes (franz\u00f6sische Genealogenkammer),\u00a0die wiederum eine Vereinigung mit 6 anderen [&hellip;]\" \/>\n<meta property=\"og:url\" content=\"https:\/\/old.add-associes.com\/de\/nos-engagements\/charte-et-garanties\/\" \/>\n<meta property=\"og:site_name\" content=\"ADD ASSOCI\u00c9S\" \/>\n<meta property=\"article:publisher\" content=\"https:\/\/www.facebook.com\/pages\/ADD-Genealogie\/726546164072497?fref=ts\" \/>\n<meta property=\"article:modified_time\" content=\"2016-01-27T09:42:11+00:00\" \/>\n<meta name=\"twitter:card\" content=\"summary\" \/>\n<meta name=\"twitter:site\" content=\"@ADD_Associes\" \/>\n<meta name=\"twitter:label1\" content=\"Gesch\u00e4tzte Lesezeit\" \/>\n\t<meta name=\"twitter:data1\" content=\"2\u00a0Minuten\" \/>\n<script type=\"application\/ld+json\" class=\"yoast-schema-graph\">{\"@context\":\"https:\/\/schema.org\",\"@graph\":[{\"@type\":\"WebPage\",\"@id\":\"https:\/\/old.add-associes.com\/de\/nos-engagements\/charte-et-garanties\/\",\"url\":\"https:\/\/old.add-associes.com\/de\/nos-engagements\/charte-et-garanties\/\",\"name\":\"CHARTA UND GARANTIEN\",\"isPartOf\":{\"@id\":\"https:\/\/old.add-associes.com\/#website\"},\"datePublished\":\"2015-04-21T19:42:41+00:00\",\"dateModified\":\"2016-01-27T09:42:11+00:00\",\"breadcrumb\":{\"@id\":\"https:\/\/old.add-associes.com\/de\/nos-engagements\/charte-et-garanties\/#breadcrumb\"},\"inLanguage\":\"de\",\"potentialAction\":[{\"@type\":\"ReadAction\",\"target\":[\"https:\/\/old.add-associes.com\/de\/nos-engagements\/charte-et-garanties\/\"]}]},{\"@type\":\"BreadcrumbList\",\"@id\":\"https:\/\/old.add-associes.com\/de\/nos-engagements\/charte-et-garanties\/#breadcrumb\",\"itemListElement\":[{\"@type\":\"ListItem\",\"position\":1,\"name\":\"Home\",\"item\":\"https:\/\/old.add-associes.com\/de\/\"},{\"@type\":\"ListItem\",\"position\":2,\"name\":\"UNSERE VERSPRECHEN\",\"item\":\"https:\/\/old.add-associes.com\/de\/nos-engagements\/\"},{\"@type\":\"ListItem\",\"position\":3,\"name\":\"CHARTA UND GARANTIEN\"}]},{\"@type\":\"WebSite\",\"@id\":\"https:\/\/old.add-associes.com\/#website\",\"url\":\"https:\/\/old.add-associes.com\/\",\"name\":\"ADD ASSOCI\u00c9S\",\"description\":\"\",\"potentialAction\":[{\"@type\":\"SearchAction\",\"target\":{\"@type\":\"EntryPoint\",\"urlTemplate\":\"https:\/\/old.add-associes.com\/?s={search_term_string}\"},\"query-input\":\"required name=search_term_string\"}],\"inLanguage\":\"de\"}]}<\/script>\n<!-- \/ Yoast SEO plugin. -->","yoast_head_json":{"title":"CHARTA UND GARANTIEN","robots":{"index":"noindex","follow":"follow","max-snippet":"max-snippet:-1","max-image-preview":"max-image-preview:large","max-video-preview":"max-video-preview:-1"},"og_locale":"de_DE","og_type":"article","og_title":"CHARTA UND GARANTIEN","og_description":"CHARTA UND GARANTIEN &nbsp; &nbsp; EIN BERUF MIT RAHMENVORGABEN \u00a0 Die T\u00e4tigkeit der Erbenermittlung st\u00fctzt sich auf Artikel 36 des Gesetzes vom 23. Juni 2006 &#8211; Gesetz \u00fcber die Reform von Nachl\u00e4ssen und Schenkungen zu Lebzeiten. \u00a0 Im \u00dcbrigen ist ADD\u00a0\u25a0\u00a0Associ\u00e9s Mitglied der Chambre Nationale des G\u00e9n\u00e9alogistes (franz\u00f6sische Genealogenkammer),\u00a0die wiederum eine Vereinigung mit 6 anderen [&hellip;]","og_url":"https:\/\/old.add-associes.com\/de\/nos-engagements\/charte-et-garanties\/","og_site_name":"ADD ASSOCI\u00c9S","article_publisher":"https:\/\/www.facebook.com\/pages\/ADD-Genealogie\/726546164072497?fref=ts","article_modified_time":"2016-01-27T09:42:11+00:00","twitter_card":"summary","twitter_site":"@ADD_Associes","twitter_misc":{"Gesch\u00e4tzte Lesezeit":"2\u00a0Minuten"},"schema":{"@context":"https:\/\/schema.org","@graph":[{"@type":"WebPage","@id":"https:\/\/old.add-associes.com\/de\/nos-engagements\/charte-et-garanties\/","url":"https:\/\/old.add-associes.com\/de\/nos-engagements\/charte-et-garanties\/","name":"CHARTA UND GARANTIEN","isPartOf":{"@id":"https:\/\/old.add-associes.com\/#website"},"datePublished":"2015-04-21T19:42:41+00:00","dateModified":"2016-01-27T09:42:11+00:00","breadcrumb":{"@id":"https:\/\/old.add-associes.com\/de\/nos-engagements\/charte-et-garanties\/#breadcrumb"},"inLanguage":"de","potentialAction":[{"@type":"ReadAction","target":["https:\/\/old.add-associes.com\/de\/nos-engagements\/charte-et-garanties\/"]}]},{"@type":"BreadcrumbList","@id":"https:\/\/old.add-associes.com\/de\/nos-engagements\/charte-et-garanties\/#breadcrumb","itemListElement":[{"@type":"ListItem","position":1,"name":"Home","item":"https:\/\/old.add-associes.com\/de\/"},{"@type":"ListItem","position":2,"name":"UNSERE VERSPRECHEN","item":"https:\/\/old.add-associes.com\/de\/nos-engagements\/"},{"@type":"ListItem","position":3,"name":"CHARTA UND GARANTIEN"}]},{"@type":"WebSite","@id":"https:\/\/old.add-associes.com\/#website","url":"https:\/\/old.add-associes.com\/","name":"ADD ASSOCI\u00c9S","description":"","potentialAction":[{"@type":"SearchAction","target":{"@type":"EntryPoint","urlTemplate":"https:\/\/old.add-associes.com\/?s={search_term_string}"},"query-input":"required name=search_term_string"}],"inLanguage":"de"}]}},"_links":{"self":[{"href":"https:\/\/old.add-associes.com\/de\/wp-json\/wp\/v2\/pages\/2226"}],"collection":[{"href":"https:\/\/old.add-associes.com\/de\/wp-json\/wp\/v2\/pages"}],"about":[{"href":"https:\/\/old.add-associes.com\/de\/wp-json\/wp\/v2\/types\/page"}],"author":[{"embeddable":true,"href":"https:\/\/old.add-associes.com\/de\/wp-json\/wp\/v2\/users\/4"}],"replies":[{"embeddable":true,"href":"https:\/\/old.add-associes.com\/de\/wp-json\/wp\/v2\/comments?post=2226"}],"version-history":[{"count":4,"href":"https:\/\/old.add-associes.com\/de\/wp-json\/wp\/v2\/pages\/2226\/revisions"}],"predecessor-version":[{"id":2702,"href":"https:\/\/old.add-associes.com\/de\/wp-json\/wp\/v2\/pages\/2226\/revisions\/2702"}],"up":[{"embeddable":true,"href":"https:\/\/old.add-associes.com\/de\/wp-json\/wp\/v2\/pages\/1940"}],"wp:attachment":[{"href":"https:\/\/old.add-associes.com\/de\/wp-json\/wp\/v2\/media?parent=2226"}],"curies":[{"name":"wp","href":"https:\/\/api.w.org\/{rel}","templated":true}]}}