{"id":2215,"date":"2015-04-21T19:43:05","date_gmt":"2015-04-21T19:43:05","guid":{"rendered":"https:\/\/old.add-associes.com\/de\/nos-engagements\/pro-bono\/"},"modified":"2016-06-02T08:09:57","modified_gmt":"2016-06-02T08:09:57","slug":"pro-bono","status":"publish","type":"page","link":"https:\/\/old.add-associes.com\/de\/nos-engagements\/pro-bono\/","title":{"rendered":"Pro bono"},"content":{"rendered":"<p>\u201eOn\u00a0ne peut pas, sous pr\u00e9texte qu\u2019il est impossible de\u00a0tout faire en\u00a0un jour, ne\u00a0rien faire du\u00a0tout.\u201c (In etwa: Man kann nicht unter dem Vorwand, nicht alles an einem Tag erledigen zu k\u00f6nnen, gar nichts tun.) Abb\u00e9 Pierre<\/p>\n<p>&nbsp;<\/p>\n<p>Teilen und Solidarit\u00e4t sind grundlegende Werte der Gruppe\u00a0ADD \u25a0 Associ\u00e9s.<\/p>\n<p>Dieses gesellschaftliche und b\u00fcrgerliche Engagement scheint uns wesentlich und unverzichtbar.<\/p>\n<p>Daher haben wir beschlossen, Kinderschutzverb\u00e4nde finanziell zu unterst\u00fctzen.<\/p>\n<p>&nbsp;<\/p>\n<p>Seit 2003 teilt sich der Verein &#8218;Petits Princes&#8216; (Kleine Prinzen) einen Stand mit uns auf dem Notarskongress.<\/p>\n<p>Jeder Besuch am Stand wird in Euro umgerechnet, die in voller H\u00f6he der Vereinigung zugute kommen.<\/p>\n<p>Dieser Kongress bietet der Vereinigung auch die Gelegenheit, sich bei den Notaren besser bekannt zu machen.<\/p>\n<p>&nbsp;<\/p>\n<p><strong><span style=\"text-decoration: underline; color: #d10428;\">Association<a href=\"http:\/\/www.petitsprinces.com\" target=\"_blank\">\u00a0Petits Princes<\/a><\/span><\/strong><\/p>\n<p>Die 1987 gegr\u00fcndete Vereinigung Petits Princes macht die Tr\u00e4ume kranker Kinder und Jugendlicher wahr.<\/p>\n<p>So erh\u00e4lt das Kind zus\u00e4tzliche Energie, um gegen seine Krankheit anzuk\u00e4mpfen.<\/p>\n<p>&nbsp;<\/p>\n<p><a href=\"https:\/\/old.add-associes.com\/wp-content\/uploads\/association-petits-pricnes.jpg\"><img loading=\"lazy\" class=\" size-full wp-image-3051 aligncenter\" src=\"https:\/\/old.add-associes.com\/wp-content\/uploads\/association-petits-pricnes.jpg\" alt=\"association-petits-pricnes\" width=\"293\" height=\"376\" \/><\/a><\/p>\n<p>&nbsp;<\/p>\n<p>Seit 2003 unterst\u00fctzen wir auch:<\/p>\n<p><strong><span style=\"text-decoration: underline; color: #d10428;\">ASEDEME (Association s\u00e9n\u00e9galaise pour la protection des enfants d\u00e9ficients mentaux &#8211; senegalesische Vereinigung zum Schutz geistig behinderter Kinder)<\/span><\/strong><\/p>\n<p>Die 1989 gegr\u00fcndete ASEDEME setzt sich f\u00fcr die Errichtung und Verwaltung von Spezialeinrichtungen ein, die sich um pr\u00e4natale Gesundheitsvorsorge, Studien und Ver\u00f6ffentlichungen zu Fragen rund um geistige Behinderung befassen.<\/p>\n<p><img loading=\"lazy\" class=\"alignnone size-full wp-image-475\" src=\"https:\/\/old.add-associes.com\/wp-content\/uploads\/asedeme.jpg\" alt=\"asedeme\" width=\"354\" height=\"197\" \/><\/p>\n","protected":false},"excerpt":{"rendered":"<p>\u201eOn\u00a0ne peut pas, sous pr\u00e9texte qu\u2019il est impossible de\u00a0tout faire en\u00a0un jour, ne\u00a0rien faire du\u00a0tout.\u201c (In etwa: Man kann nicht unter dem Vorwand, nicht alles an einem Tag erledigen zu k\u00f6nnen, gar nichts tun.) Abb\u00e9 Pierre &nbsp; Teilen und Solidarit\u00e4t sind grundlegende Werte der Gruppe\u00a0ADD \u25a0 Associ\u00e9s. Dieses gesellschaftliche und b\u00fcrgerliche Engagement scheint uns wesentlich [&hellip;]<\/p>\n","protected":false},"author":4,"featured_media":0,"parent":1940,"menu_order":2,"comment_status":"closed","ping_status":"open","template":"","meta":[],"acf":[],"yoast_head":"<!-- This site is optimized with the Yoast SEO plugin v19.7.2 - https:\/\/yoast.com\/wordpress\/plugins\/seo\/ -->\n<title>Pro bono<\/title>\n<meta name=\"robots\" content=\"noindex, follow, max-snippet:-1, max-image-preview:large, max-video-preview:-1\" \/>\n<meta property=\"og:locale\" content=\"de_DE\" \/>\n<meta property=\"og:type\" content=\"article\" \/>\n<meta property=\"og:title\" content=\"Pro bono\" \/>\n<meta property=\"og:description\" content=\"\u201eOn\u00a0ne peut pas, sous pr\u00e9texte qu\u2019il est impossible de\u00a0tout faire en\u00a0un jour, ne\u00a0rien faire du\u00a0tout.\u201c (In etwa: Man kann nicht unter dem Vorwand, nicht alles an einem Tag erledigen zu k\u00f6nnen, gar nichts tun.) Abb\u00e9 Pierre &nbsp; Teilen und Solidarit\u00e4t sind grundlegende Werte der Gruppe\u00a0ADD \u25a0 Associ\u00e9s. Dieses gesellschaftliche und b\u00fcrgerliche Engagement scheint uns wesentlich [&hellip;]\" \/>\n<meta property=\"og:url\" content=\"https:\/\/old.add-associes.com\/de\/nos-engagements\/pro-bono\/\" \/>\n<meta property=\"og:site_name\" content=\"ADD ASSOCI\u00c9S\" \/>\n<meta property=\"article:publisher\" content=\"https:\/\/www.facebook.com\/pages\/ADD-Genealogie\/726546164072497?fref=ts\" \/>\n<meta property=\"article:modified_time\" content=\"2016-06-02T08:09:57+00:00\" \/>\n<meta property=\"og:image\" content=\"https:\/\/old.add-associes.com\/wp-content\/uploads\/association-petits-pricnes.jpg\" \/>\n<meta name=\"twitter:card\" content=\"summary\" \/>\n<meta name=\"twitter:site\" content=\"@ADD_Associes\" \/>\n<meta name=\"twitter:label1\" content=\"Gesch\u00e4tzte Lesezeit\" \/>\n\t<meta name=\"twitter:data1\" content=\"1\u00a0Minute\" \/>\n<script type=\"application\/ld+json\" class=\"yoast-schema-graph\">{\"@context\":\"https:\/\/schema.org\",\"@graph\":[{\"@type\":\"WebPage\",\"@id\":\"https:\/\/old.add-associes.com\/de\/nos-engagements\/pro-bono\/\",\"url\":\"https:\/\/old.add-associes.com\/de\/nos-engagements\/pro-bono\/\",\"name\":\"Pro bono\",\"isPartOf\":{\"@id\":\"https:\/\/old.add-associes.com\/#website\"},\"datePublished\":\"2015-04-21T19:43:05+00:00\",\"dateModified\":\"2016-06-02T08:09:57+00:00\",\"breadcrumb\":{\"@id\":\"https:\/\/old.add-associes.com\/de\/nos-engagements\/pro-bono\/#breadcrumb\"},\"inLanguage\":\"de\",\"potentialAction\":[{\"@type\":\"ReadAction\",\"target\":[\"https:\/\/old.add-associes.com\/de\/nos-engagements\/pro-bono\/\"]}]},{\"@type\":\"BreadcrumbList\",\"@id\":\"https:\/\/old.add-associes.com\/de\/nos-engagements\/pro-bono\/#breadcrumb\",\"itemListElement\":[{\"@type\":\"ListItem\",\"position\":1,\"name\":\"Home\",\"item\":\"https:\/\/old.add-associes.com\/de\/\"},{\"@type\":\"ListItem\",\"position\":2,\"name\":\"UNSERE VERSPRECHEN\",\"item\":\"https:\/\/old.add-associes.com\/de\/nos-engagements\/\"},{\"@type\":\"ListItem\",\"position\":3,\"name\":\"Pro bono\"}]},{\"@type\":\"WebSite\",\"@id\":\"https:\/\/old.add-associes.com\/#website\",\"url\":\"https:\/\/old.add-associes.com\/\",\"name\":\"ADD ASSOCI\u00c9S\",\"description\":\"\",\"potentialAction\":[{\"@type\":\"SearchAction\",\"target\":{\"@type\":\"EntryPoint\",\"urlTemplate\":\"https:\/\/old.add-associes.com\/?s={search_term_string}\"},\"query-input\":\"required name=search_term_string\"}],\"inLanguage\":\"de\"}]}<\/script>\n<!-- \/ Yoast SEO plugin. -->","yoast_head_json":{"title":"Pro bono","robots":{"index":"noindex","follow":"follow","max-snippet":"max-snippet:-1","max-image-preview":"max-image-preview:large","max-video-preview":"max-video-preview:-1"},"og_locale":"de_DE","og_type":"article","og_title":"Pro bono","og_description":"\u201eOn\u00a0ne peut pas, sous pr\u00e9texte qu\u2019il est impossible de\u00a0tout faire en\u00a0un jour, ne\u00a0rien faire du\u00a0tout.\u201c (In etwa: Man kann nicht unter dem Vorwand, nicht alles an einem Tag erledigen zu k\u00f6nnen, gar nichts tun.) Abb\u00e9 Pierre &nbsp; Teilen und Solidarit\u00e4t sind grundlegende Werte der Gruppe\u00a0ADD \u25a0 Associ\u00e9s. Dieses gesellschaftliche und b\u00fcrgerliche Engagement scheint uns wesentlich [&hellip;]","og_url":"https:\/\/old.add-associes.com\/de\/nos-engagements\/pro-bono\/","og_site_name":"ADD ASSOCI\u00c9S","article_publisher":"https:\/\/www.facebook.com\/pages\/ADD-Genealogie\/726546164072497?fref=ts","article_modified_time":"2016-06-02T08:09:57+00:00","og_image":[{"url":"https:\/\/old.add-associes.com\/wp-content\/uploads\/association-petits-pricnes.jpg"}],"twitter_card":"summary","twitter_site":"@ADD_Associes","twitter_misc":{"Gesch\u00e4tzte Lesezeit":"1\u00a0Minute"},"schema":{"@context":"https:\/\/schema.org","@graph":[{"@type":"WebPage","@id":"https:\/\/old.add-associes.com\/de\/nos-engagements\/pro-bono\/","url":"https:\/\/old.add-associes.com\/de\/nos-engagements\/pro-bono\/","name":"Pro bono","isPartOf":{"@id":"https:\/\/old.add-associes.com\/#website"},"datePublished":"2015-04-21T19:43:05+00:00","dateModified":"2016-06-02T08:09:57+00:00","breadcrumb":{"@id":"https:\/\/old.add-associes.com\/de\/nos-engagements\/pro-bono\/#breadcrumb"},"inLanguage":"de","potentialAction":[{"@type":"ReadAction","target":["https:\/\/old.add-associes.com\/de\/nos-engagements\/pro-bono\/"]}]},{"@type":"BreadcrumbList","@id":"https:\/\/old.add-associes.com\/de\/nos-engagements\/pro-bono\/#breadcrumb","itemListElement":[{"@type":"ListItem","position":1,"name":"Home","item":"https:\/\/old.add-associes.com\/de\/"},{"@type":"ListItem","position":2,"name":"UNSERE VERSPRECHEN","item":"https:\/\/old.add-associes.com\/de\/nos-engagements\/"},{"@type":"ListItem","position":3,"name":"Pro bono"}]},{"@type":"WebSite","@id":"https:\/\/old.add-associes.com\/#website","url":"https:\/\/old.add-associes.com\/","name":"ADD ASSOCI\u00c9S","description":"","potentialAction":[{"@type":"SearchAction","target":{"@type":"EntryPoint","urlTemplate":"https:\/\/old.add-associes.com\/?s={search_term_string}"},"query-input":"required name=search_term_string"}],"inLanguage":"de"}]}},"_links":{"self":[{"href":"https:\/\/old.add-associes.com\/de\/wp-json\/wp\/v2\/pages\/2215"}],"collection":[{"href":"https:\/\/old.add-associes.com\/de\/wp-json\/wp\/v2\/pages"}],"about":[{"href":"https:\/\/old.add-associes.com\/de\/wp-json\/wp\/v2\/types\/page"}],"author":[{"embeddable":true,"href":"https:\/\/old.add-associes.com\/de\/wp-json\/wp\/v2\/users\/4"}],"replies":[{"embeddable":true,"href":"https:\/\/old.add-associes.com\/de\/wp-json\/wp\/v2\/comments?post=2215"}],"version-history":[{"count":5,"href":"https:\/\/old.add-associes.com\/de\/wp-json\/wp\/v2\/pages\/2215\/revisions"}],"predecessor-version":[{"id":3060,"href":"https:\/\/old.add-associes.com\/de\/wp-json\/wp\/v2\/pages\/2215\/revisions\/3060"}],"up":[{"embeddable":true,"href":"https:\/\/old.add-associes.com\/de\/wp-json\/wp\/v2\/pages\/1940"}],"wp:attachment":[{"href":"https:\/\/old.add-associes.com\/de\/wp-json\/wp\/v2\/media?parent=2215"}],"curies":[{"name":"wp","href":"https:\/\/api.w.org\/{rel}","templated":true}]}}