{"id":1990,"date":"2015-04-21T19:40:51","date_gmt":"2015-04-21T19:40:51","guid":{"rendered":"https:\/\/old.add-associes.com\/de\/a-propos-de-add-associes\/presentation\/"},"modified":"2017-02-13T17:34:46","modified_gmt":"2017-02-13T17:34:46","slug":"presentation","status":"publish","type":"page","link":"https:\/\/old.add-associes.com\/de\/a-propos-de-add-associes\/presentation\/","title":{"rendered":"PR\u00c4SENTATION"},"content":{"rendered":"<p><strong>ADD Associ\u00e9s, bevorzugter Ansprechpartner von Notaren, Rechtsberufen oder Privatpersonen<\/strong><\/p>\n<p>Die 1990 von Christophe Aubrun, Denis Delcros und Antoine Delabre gegr\u00fcndete Genealogiekanzlei ADD Associ\u00e9s ist Spezialist f\u00fcr Erbenermittlung.<\/p>\n<p>Sie arbeitet eng mit Notaren, Anw\u00e4lten, Insolvenzverwaltern, Versicherungsgesellschaftern, Gebietsk\u00f6rperschaften, Immobilienverwaltern und Banken zusammen.<\/p>\n<p>&nbsp;<\/p>\n<p>Die Gruppe ADD Associ\u00e9s vertritt au\u00dferdem die ermittelten <strong>Erben, Anspruchsberechtigten und Verm\u00e4chtnisnehmer.<\/strong><\/p>\n","protected":false},"excerpt":{"rendered":"<p>ADD Associ\u00e9s, bevorzugter Ansprechpartner von Notaren, Rechtsberufen oder Privatpersonen Die 1990 von Christophe Aubrun, Denis Delcros und Antoine Delabre gegr\u00fcndete Genealogiekanzlei ADD Associ\u00e9s ist Spezialist f\u00fcr Erbenermittlung. Sie arbeitet eng mit Notaren, Anw\u00e4lten, Insolvenzverwaltern, Versicherungsgesellschaftern, Gebietsk\u00f6rperschaften, Immobilienverwaltern und Banken zusammen. &nbsp; Die Gruppe ADD Associ\u00e9s vertritt au\u00dferdem die ermittelten Erben, Anspruchsberechtigten und Verm\u00e4chtnisnehmer.<\/p>\n","protected":false},"author":4,"featured_media":0,"parent":1965,"menu_order":0,"comment_status":"closed","ping_status":"open","template":"page_templates\/presentation.php","meta":[],"acf":[],"yoast_head":"<!-- This site is optimized with the Yoast SEO plugin v19.7.2 - https:\/\/yoast.com\/wordpress\/plugins\/seo\/ -->\n<title>PR\u00c4SENTATION<\/title>\n<meta name=\"robots\" content=\"noindex, follow, max-snippet:-1, max-image-preview:large, max-video-preview:-1\" \/>\n<meta property=\"og:locale\" content=\"de_DE\" \/>\n<meta property=\"og:type\" content=\"article\" \/>\n<meta property=\"og:title\" content=\"PR\u00c4SENTATION\" \/>\n<meta property=\"og:description\" content=\"ADD Associ\u00e9s, bevorzugter Ansprechpartner von Notaren, Rechtsberufen oder Privatpersonen Die 1990 von Christophe Aubrun, Denis Delcros und Antoine Delabre gegr\u00fcndete Genealogiekanzlei ADD Associ\u00e9s ist Spezialist f\u00fcr Erbenermittlung. Sie arbeitet eng mit Notaren, Anw\u00e4lten, Insolvenzverwaltern, Versicherungsgesellschaftern, Gebietsk\u00f6rperschaften, Immobilienverwaltern und Banken zusammen. &nbsp; Die Gruppe ADD Associ\u00e9s vertritt au\u00dferdem die ermittelten Erben, Anspruchsberechtigten und Verm\u00e4chtnisnehmer.\" \/>\n<meta property=\"og:url\" content=\"https:\/\/old.add-associes.com\/de\/a-propos-de-add-associes\/presentation\/\" \/>\n<meta property=\"og:site_name\" content=\"ADD ASSOCI\u00c9S\" \/>\n<meta property=\"article:publisher\" content=\"https:\/\/www.facebook.com\/pages\/ADD-Genealogie\/726546164072497?fref=ts\" \/>\n<meta property=\"article:modified_time\" content=\"2017-02-13T17:34:46+00:00\" \/>\n<meta name=\"twitter:card\" content=\"summary\" \/>\n<meta name=\"twitter:site\" content=\"@ADD_Associes\" \/>\n<script type=\"application\/ld+json\" class=\"yoast-schema-graph\">{\"@context\":\"https:\/\/schema.org\",\"@graph\":[{\"@type\":\"WebPage\",\"@id\":\"https:\/\/old.add-associes.com\/de\/a-propos-de-add-associes\/presentation\/\",\"url\":\"https:\/\/old.add-associes.com\/de\/a-propos-de-add-associes\/presentation\/\",\"name\":\"PR\u00c4SENTATION\",\"isPartOf\":{\"@id\":\"https:\/\/old.add-associes.com\/#website\"},\"datePublished\":\"2015-04-21T19:40:51+00:00\",\"dateModified\":\"2017-02-13T17:34:46+00:00\",\"breadcrumb\":{\"@id\":\"https:\/\/old.add-associes.com\/de\/a-propos-de-add-associes\/presentation\/#breadcrumb\"},\"inLanguage\":\"de\",\"potentialAction\":[{\"@type\":\"ReadAction\",\"target\":[\"https:\/\/old.add-associes.com\/de\/a-propos-de-add-associes\/presentation\/\"]}]},{\"@type\":\"BreadcrumbList\",\"@id\":\"https:\/\/old.add-associes.com\/de\/a-propos-de-add-associes\/presentation\/#breadcrumb\",\"itemListElement\":[{\"@type\":\"ListItem\",\"position\":1,\"name\":\"Home\",\"item\":\"https:\/\/old.add-associes.com\/de\/\"},{\"@type\":\"ListItem\",\"position\":2,\"name\":\"\u00dcber ADD \u25a0 ASSOCI\u00c9S\",\"item\":\"https:\/\/old.add-associes.com\/de\/a-propos-de-add-associes\/\"},{\"@type\":\"ListItem\",\"position\":3,\"name\":\"PR\u00c4SENTATION\"}]},{\"@type\":\"WebSite\",\"@id\":\"https:\/\/old.add-associes.com\/#website\",\"url\":\"https:\/\/old.add-associes.com\/\",\"name\":\"ADD ASSOCI\u00c9S\",\"description\":\"\",\"potentialAction\":[{\"@type\":\"SearchAction\",\"target\":{\"@type\":\"EntryPoint\",\"urlTemplate\":\"https:\/\/old.add-associes.com\/?s={search_term_string}\"},\"query-input\":\"required name=search_term_string\"}],\"inLanguage\":\"de\"}]}<\/script>\n<!-- \/ Yoast SEO plugin. -->","yoast_head_json":{"title":"PR\u00c4SENTATION","robots":{"index":"noindex","follow":"follow","max-snippet":"max-snippet:-1","max-image-preview":"max-image-preview:large","max-video-preview":"max-video-preview:-1"},"og_locale":"de_DE","og_type":"article","og_title":"PR\u00c4SENTATION","og_description":"ADD Associ\u00e9s, bevorzugter Ansprechpartner von Notaren, Rechtsberufen oder Privatpersonen Die 1990 von Christophe Aubrun, Denis Delcros und Antoine Delabre gegr\u00fcndete Genealogiekanzlei ADD Associ\u00e9s ist Spezialist f\u00fcr Erbenermittlung. Sie arbeitet eng mit Notaren, Anw\u00e4lten, Insolvenzverwaltern, Versicherungsgesellschaftern, Gebietsk\u00f6rperschaften, Immobilienverwaltern und Banken zusammen. &nbsp; Die Gruppe ADD Associ\u00e9s vertritt au\u00dferdem die ermittelten Erben, Anspruchsberechtigten und Verm\u00e4chtnisnehmer.","og_url":"https:\/\/old.add-associes.com\/de\/a-propos-de-add-associes\/presentation\/","og_site_name":"ADD ASSOCI\u00c9S","article_publisher":"https:\/\/www.facebook.com\/pages\/ADD-Genealogie\/726546164072497?fref=ts","article_modified_time":"2017-02-13T17:34:46+00:00","twitter_card":"summary","twitter_site":"@ADD_Associes","schema":{"@context":"https:\/\/schema.org","@graph":[{"@type":"WebPage","@id":"https:\/\/old.add-associes.com\/de\/a-propos-de-add-associes\/presentation\/","url":"https:\/\/old.add-associes.com\/de\/a-propos-de-add-associes\/presentation\/","name":"PR\u00c4SENTATION","isPartOf":{"@id":"https:\/\/old.add-associes.com\/#website"},"datePublished":"2015-04-21T19:40:51+00:00","dateModified":"2017-02-13T17:34:46+00:00","breadcrumb":{"@id":"https:\/\/old.add-associes.com\/de\/a-propos-de-add-associes\/presentation\/#breadcrumb"},"inLanguage":"de","potentialAction":[{"@type":"ReadAction","target":["https:\/\/old.add-associes.com\/de\/a-propos-de-add-associes\/presentation\/"]}]},{"@type":"BreadcrumbList","@id":"https:\/\/old.add-associes.com\/de\/a-propos-de-add-associes\/presentation\/#breadcrumb","itemListElement":[{"@type":"ListItem","position":1,"name":"Home","item":"https:\/\/old.add-associes.com\/de\/"},{"@type":"ListItem","position":2,"name":"\u00dcber ADD \u25a0 ASSOCI\u00c9S","item":"https:\/\/old.add-associes.com\/de\/a-propos-de-add-associes\/"},{"@type":"ListItem","position":3,"name":"PR\u00c4SENTATION"}]},{"@type":"WebSite","@id":"https:\/\/old.add-associes.com\/#website","url":"https:\/\/old.add-associes.com\/","name":"ADD ASSOCI\u00c9S","description":"","potentialAction":[{"@type":"SearchAction","target":{"@type":"EntryPoint","urlTemplate":"https:\/\/old.add-associes.com\/?s={search_term_string}"},"query-input":"required name=search_term_string"}],"inLanguage":"de"}]}},"_links":{"self":[{"href":"https:\/\/old.add-associes.com\/de\/wp-json\/wp\/v2\/pages\/1990"}],"collection":[{"href":"https:\/\/old.add-associes.com\/de\/wp-json\/wp\/v2\/pages"}],"about":[{"href":"https:\/\/old.add-associes.com\/de\/wp-json\/wp\/v2\/types\/page"}],"author":[{"embeddable":true,"href":"https:\/\/old.add-associes.com\/de\/wp-json\/wp\/v2\/users\/4"}],"replies":[{"embeddable":true,"href":"https:\/\/old.add-associes.com\/de\/wp-json\/wp\/v2\/comments?post=1990"}],"version-history":[{"count":6,"href":"https:\/\/old.add-associes.com\/de\/wp-json\/wp\/v2\/pages\/1990\/revisions"}],"predecessor-version":[{"id":3148,"href":"https:\/\/old.add-associes.com\/de\/wp-json\/wp\/v2\/pages\/1990\/revisions\/3148"}],"up":[{"embeddable":true,"href":"https:\/\/old.add-associes.com\/de\/wp-json\/wp\/v2\/pages\/1965"}],"wp:attachment":[{"href":"https:\/\/old.add-associes.com\/de\/wp-json\/wp\/v2\/media?parent=1990"}],"curies":[{"name":"wp","href":"https:\/\/api.w.org\/{rel}","templated":true}]}}