{"id":1975,"date":"2015-04-21T19:41:32","date_gmt":"2015-04-21T19:41:32","guid":{"rendered":"https:\/\/old.add-associes.com\/de\/a-propos-de-add-associes\/carrieres\/"},"modified":"2017-02-14T09:24:39","modified_gmt":"2017-02-14T09:24:39","slug":"carrieres","status":"publish","type":"page","link":"https:\/\/old.add-associes.com\/de\/a-propos-de-add-associes\/carrieres\/","title":{"rendered":"KARRIEREN"},"content":{"rendered":"<p>Zu <strong>ADD Associ\u00e9s<\/strong> kommen bedeutet, Teil eines Teams aus dynamischen Profis, Experten unseres Fachgebiets mit einem offen Ohr f\u00fcr ihre Mitarbeiter und Kunden zu werden.<\/p>\n<p class=\"\">\u00a0<\/p>\n<div class=\"\">\n<p class=\"\">Das ganze Jahr \u00fcber sind wir auf der Suche nach den besten Praktikanten oder Bewerbern f\u00fcr unser Team.<\/p>\n<\/div>\n<p class=\"\" align=\"justify\">Sie m\u00f6chten sich in einem unserer Fachgebiete spezialisieren und besitzen Teamgeist, lieben Herausforderungen und stellen sich gern in den Dienst des Kunden, sind also verf\u00fcgbar, flexibel, anspruchsvoll.<\/p>\n","protected":false},"excerpt":{"rendered":"<p>Zu ADD Associ\u00e9s kommen bedeutet, Teil eines Teams aus dynamischen Profis, Experten unseres Fachgebiets mit einem offen Ohr f\u00fcr ihre Mitarbeiter und Kunden zu werden. \u00a0 Das ganze Jahr \u00fcber sind wir auf der Suche nach den besten Praktikanten oder Bewerbern f\u00fcr unser Team. Sie m\u00f6chten sich in einem unserer Fachgebiete spezialisieren und besitzen Teamgeist, [&hellip;]<\/p>\n","protected":false},"author":4,"featured_media":0,"parent":1965,"menu_order":2,"comment_status":"closed","ping_status":"open","template":"page_templates\/careers.php","meta":[],"acf":[],"yoast_head":"<!-- This site is optimized with the Yoast SEO plugin v19.7.2 - https:\/\/yoast.com\/wordpress\/plugins\/seo\/ -->\n<title>KARRIEREN<\/title>\n<meta name=\"robots\" content=\"noindex, follow, max-snippet:-1, max-image-preview:large, max-video-preview:-1\" \/>\n<meta property=\"og:locale\" content=\"de_DE\" \/>\n<meta property=\"og:type\" content=\"article\" \/>\n<meta property=\"og:title\" content=\"KARRIEREN\" \/>\n<meta property=\"og:description\" content=\"Zu ADD Associ\u00e9s kommen bedeutet, Teil eines Teams aus dynamischen Profis, Experten unseres Fachgebiets mit einem offen Ohr f\u00fcr ihre Mitarbeiter und Kunden zu werden. \u00a0 Das ganze Jahr \u00fcber sind wir auf der Suche nach den besten Praktikanten oder Bewerbern f\u00fcr unser Team. Sie m\u00f6chten sich in einem unserer Fachgebiete spezialisieren und besitzen Teamgeist, [&hellip;]\" \/>\n<meta property=\"og:url\" content=\"https:\/\/old.add-associes.com\/de\/a-propos-de-add-associes\/carrieres\/\" \/>\n<meta property=\"og:site_name\" content=\"ADD ASSOCI\u00c9S\" \/>\n<meta property=\"article:publisher\" content=\"https:\/\/www.facebook.com\/pages\/ADD-Genealogie\/726546164072497?fref=ts\" \/>\n<meta property=\"article:modified_time\" content=\"2017-02-14T09:24:39+00:00\" \/>\n<meta name=\"twitter:card\" content=\"summary\" \/>\n<meta name=\"twitter:site\" content=\"@ADD_Associes\" \/>\n<script type=\"application\/ld+json\" class=\"yoast-schema-graph\">{\"@context\":\"https:\/\/schema.org\",\"@graph\":[{\"@type\":\"WebPage\",\"@id\":\"https:\/\/old.add-associes.com\/de\/a-propos-de-add-associes\/carrieres\/\",\"url\":\"https:\/\/old.add-associes.com\/de\/a-propos-de-add-associes\/carrieres\/\",\"name\":\"KARRIEREN\",\"isPartOf\":{\"@id\":\"https:\/\/old.add-associes.com\/#website\"},\"datePublished\":\"2015-04-21T19:41:32+00:00\",\"dateModified\":\"2017-02-14T09:24:39+00:00\",\"breadcrumb\":{\"@id\":\"https:\/\/old.add-associes.com\/de\/a-propos-de-add-associes\/carrieres\/#breadcrumb\"},\"inLanguage\":\"de\",\"potentialAction\":[{\"@type\":\"ReadAction\",\"target\":[\"https:\/\/old.add-associes.com\/de\/a-propos-de-add-associes\/carrieres\/\"]}]},{\"@type\":\"BreadcrumbList\",\"@id\":\"https:\/\/old.add-associes.com\/de\/a-propos-de-add-associes\/carrieres\/#breadcrumb\",\"itemListElement\":[{\"@type\":\"ListItem\",\"position\":1,\"name\":\"Home\",\"item\":\"https:\/\/old.add-associes.com\/de\/\"},{\"@type\":\"ListItem\",\"position\":2,\"name\":\"\u00dcber ADD \u25a0 ASSOCI\u00c9S\",\"item\":\"https:\/\/old.add-associes.com\/de\/a-propos-de-add-associes\/\"},{\"@type\":\"ListItem\",\"position\":3,\"name\":\"KARRIEREN\"}]},{\"@type\":\"WebSite\",\"@id\":\"https:\/\/old.add-associes.com\/#website\",\"url\":\"https:\/\/old.add-associes.com\/\",\"name\":\"ADD ASSOCI\u00c9S\",\"description\":\"\",\"potentialAction\":[{\"@type\":\"SearchAction\",\"target\":{\"@type\":\"EntryPoint\",\"urlTemplate\":\"https:\/\/old.add-associes.com\/?s={search_term_string}\"},\"query-input\":\"required name=search_term_string\"}],\"inLanguage\":\"de\"}]}<\/script>\n<!-- \/ Yoast SEO plugin. -->","yoast_head_json":{"title":"KARRIEREN","robots":{"index":"noindex","follow":"follow","max-snippet":"max-snippet:-1","max-image-preview":"max-image-preview:large","max-video-preview":"max-video-preview:-1"},"og_locale":"de_DE","og_type":"article","og_title":"KARRIEREN","og_description":"Zu ADD Associ\u00e9s kommen bedeutet, Teil eines Teams aus dynamischen Profis, Experten unseres Fachgebiets mit einem offen Ohr f\u00fcr ihre Mitarbeiter und Kunden zu werden. \u00a0 Das ganze Jahr \u00fcber sind wir auf der Suche nach den besten Praktikanten oder Bewerbern f\u00fcr unser Team. Sie m\u00f6chten sich in einem unserer Fachgebiete spezialisieren und besitzen Teamgeist, [&hellip;]","og_url":"https:\/\/old.add-associes.com\/de\/a-propos-de-add-associes\/carrieres\/","og_site_name":"ADD ASSOCI\u00c9S","article_publisher":"https:\/\/www.facebook.com\/pages\/ADD-Genealogie\/726546164072497?fref=ts","article_modified_time":"2017-02-14T09:24:39+00:00","twitter_card":"summary","twitter_site":"@ADD_Associes","schema":{"@context":"https:\/\/schema.org","@graph":[{"@type":"WebPage","@id":"https:\/\/old.add-associes.com\/de\/a-propos-de-add-associes\/carrieres\/","url":"https:\/\/old.add-associes.com\/de\/a-propos-de-add-associes\/carrieres\/","name":"KARRIEREN","isPartOf":{"@id":"https:\/\/old.add-associes.com\/#website"},"datePublished":"2015-04-21T19:41:32+00:00","dateModified":"2017-02-14T09:24:39+00:00","breadcrumb":{"@id":"https:\/\/old.add-associes.com\/de\/a-propos-de-add-associes\/carrieres\/#breadcrumb"},"inLanguage":"de","potentialAction":[{"@type":"ReadAction","target":["https:\/\/old.add-associes.com\/de\/a-propos-de-add-associes\/carrieres\/"]}]},{"@type":"BreadcrumbList","@id":"https:\/\/old.add-associes.com\/de\/a-propos-de-add-associes\/carrieres\/#breadcrumb","itemListElement":[{"@type":"ListItem","position":1,"name":"Home","item":"https:\/\/old.add-associes.com\/de\/"},{"@type":"ListItem","position":2,"name":"\u00dcber ADD \u25a0 ASSOCI\u00c9S","item":"https:\/\/old.add-associes.com\/de\/a-propos-de-add-associes\/"},{"@type":"ListItem","position":3,"name":"KARRIEREN"}]},{"@type":"WebSite","@id":"https:\/\/old.add-associes.com\/#website","url":"https:\/\/old.add-associes.com\/","name":"ADD ASSOCI\u00c9S","description":"","potentialAction":[{"@type":"SearchAction","target":{"@type":"EntryPoint","urlTemplate":"https:\/\/old.add-associes.com\/?s={search_term_string}"},"query-input":"required name=search_term_string"}],"inLanguage":"de"}]}},"_links":{"self":[{"href":"https:\/\/old.add-associes.com\/de\/wp-json\/wp\/v2\/pages\/1975"}],"collection":[{"href":"https:\/\/old.add-associes.com\/de\/wp-json\/wp\/v2\/pages"}],"about":[{"href":"https:\/\/old.add-associes.com\/de\/wp-json\/wp\/v2\/types\/page"}],"author":[{"embeddable":true,"href":"https:\/\/old.add-associes.com\/de\/wp-json\/wp\/v2\/users\/4"}],"replies":[{"embeddable":true,"href":"https:\/\/old.add-associes.com\/de\/wp-json\/wp\/v2\/comments?post=1975"}],"version-history":[{"count":3,"href":"https:\/\/old.add-associes.com\/de\/wp-json\/wp\/v2\/pages\/1975\/revisions"}],"predecessor-version":[{"id":3154,"href":"https:\/\/old.add-associes.com\/de\/wp-json\/wp\/v2\/pages\/1975\/revisions\/3154"}],"up":[{"embeddable":true,"href":"https:\/\/old.add-associes.com\/de\/wp-json\/wp\/v2\/pages\/1965"}],"wp:attachment":[{"href":"https:\/\/old.add-associes.com\/de\/wp-json\/wp\/v2\/media?parent=1975"}],"curies":[{"name":"wp","href":"https:\/\/api.w.org\/{rel}","templated":true}]}}