{"id":1915,"date":"2015-04-22T00:30:43","date_gmt":"2015-04-22T00:30:43","guid":{"rendered":"https:\/\/old.add-associes.com\/de\/mention-legales\/"},"modified":"2017-02-14T09:38:06","modified_gmt":"2017-02-14T09:38:06","slug":"mention-legales","status":"publish","type":"page","link":"https:\/\/old.add-associes.com\/de\/mention-legales\/","title":{"rendered":"IMPRESSUM"},"content":{"rendered":"<h3 style=\"text-align: center;\">\u00a0<\/h3>\n<h3 style=\"text-align: center;\">Angaben zum Herausgeber<\/h3>\n<p style=\"text-align: center;\">\u00a0<\/p>\n<p style=\"text-align: center;\">Gesellschaftsbezeichnung: ADD Associ\u00e9s<\/p>\n<p style=\"text-align: center;\">\u00a0<\/p>\n<p style=\"text-align: center;\">Gesellschaftssitz:4, avenue du\u00a0Coq \u2013 75009 Paris<\/p>\n<p style=\"text-align: center;\">\u00a0<\/p>\n<p style=\"text-align: center;\">Telefonnummer: +33 (0)1\u00a044 94\u00a091 91<\/p>\n<p style=\"text-align: center;\">Faxnummer: +33 (0)1\u00a044 94\u00a091 92<\/p>\n<p style=\"text-align: center;\">E-Mail-Kontakt: contact@add-genealogie.com<\/p>\n<p style=\"text-align: center;\">\u00a0<\/p>\n<p style=\"text-align: center;\">Umsatzsteueridentifikationsnummer: FR76 379427420<\/p>\n<p style=\"text-align: center;\">HR-Nummer: 379427420<\/p>\n<p style=\"text-align: center;\">\u00a0<\/p>\n<p style=\"text-align: center;\">Gesellschaftskapital:100 000 \u20ac<\/p>\n<p style=\"text-align: center;\">\u00a0<\/p>\n<p style=\"text-align: center;\">Publikationsleiter: V\u00e9ronique Cantegrel<\/p>\n<h3 style=\"text-align: center;\">\u00a0<\/h3>\n<h3 style=\"text-align: center;\">Angaben zum Gestalter<\/h3>\n<p style=\"text-align: center;\">\u00a0<\/p>\n<p style=\"text-align: center;\">Gesellschaftsbezeichnung: Eliott &amp; Markus<\/p>\n<p style=\"text-align: center;\">Gesellschaftssitz: 8, rue Myrha \u2013 75018 Paris<\/p>\n<p style=\"text-align: center;\">Telefonnummer: +33 (0)1\u00a053 41\u00a041 96<\/p>\n<p style=\"text-align: center;\">\u00a0<\/p>\n<h3 style=\"text-align: center;\">Angaben zum Hostingunternehmen<\/h3>\n<p style=\"text-align: center;\">\u00a0<\/p>\n<p style=\"text-align: center;\">OVH\u00a0<\/p>\n<p style=\"text-align: center;\">\u00a0<\/p>\n<p style=\"text-align: center;\"><strong>Franz\u00f6sisches Datenschutzgesetz: <\/strong>\u00dcbereinstimmend mit Artikel 32 des Gesetzes Nr. 78-17 vom 06.01.1978 in seiner 2004 ge\u00e4nderten Fassung, informieren wir Sie dar\u00fcber, dass personenbezogene Daten (Personenstand, Namenslisten aus Volksz\u00e4hlungen, Wahllisten, Tabellen \u00fcber Erbfolgen und Verschollenheiten, Wehrstammrollen, Totenscheine, usw.) von der Genealogiekanzlei ADD Associ\u00e9s zum Zweck der Erbenermittlung verarbeitet werden.<\/p>\n<p style=\"text-align: center;\">Diese Daten dienen nur dem Gebrauch durch die betroffenen Abteilungen und d\u00fcrfen nur an folgende Empf\u00e4nger weitergegeben werden: Genealogen-Nachforscher.<\/p>\n<p style=\"text-align: center;\">\u00a0<\/p>\n<p style=\"text-align: center;\">Gem\u00e4\u00df dem franz\u00f6sischen Datenschutzgesetz \u201eInformatique et Libert\u00e9s\u201c (Art. 38 ff.) verf\u00fcgen Sie \u00fcber das Recht auf Zugriff auf die Sie betreffenden Daten und auf deren Berichtigung.<\/p>\n<p style=\"text-align: center;\">Sie k\u00f6nnen sich der Verarbeitung auch aus berechtigten Gr\u00fcnden widersetzen.<\/p>\n<p style=\"text-align: center;\">Zur Wahrnehmung dieser Rechte senden Sie bitte ein Schreiben an: \u201eADD Associ\u00e9s, 4\u00a0avenue du\u00a0Coq 75009 Paris\u201c.<\/p>\n","protected":false},"excerpt":{"rendered":"<p>\u00a0 Angaben zum Herausgeber \u00a0 Gesellschaftsbezeichnung: ADD Associ\u00e9s \u00a0 Gesellschaftssitz:4, avenue du\u00a0Coq \u2013 75009 Paris \u00a0 Telefonnummer: +33 (0)1\u00a044 94\u00a091 91 Faxnummer: +33 (0)1\u00a044 94\u00a091 92 E-Mail-Kontakt: contact@add-genealogie.com \u00a0 Umsatzsteueridentifikationsnummer: FR76 379427420 HR-Nummer: 379427420 \u00a0 Gesellschaftskapital:100 000 \u20ac \u00a0 Publikationsleiter: V\u00e9ronique Cantegrel \u00a0 Angaben zum Gestalter \u00a0 Gesellschaftsbezeichnung: Eliott &amp; Markus Gesellschaftssitz: 8, rue Myrha [&hellip;]<\/p>\n","protected":false},"author":4,"featured_media":0,"parent":0,"menu_order":10,"comment_status":"closed","ping_status":"closed","template":"","meta":[],"acf":[],"yoast_head":"<!-- This site is optimized with the Yoast SEO plugin v19.7.2 - https:\/\/yoast.com\/wordpress\/plugins\/seo\/ -->\n<title>IMPRESSUM<\/title>\n<meta name=\"robots\" content=\"noindex, follow, max-snippet:-1, max-image-preview:large, max-video-preview:-1\" \/>\n<meta property=\"og:locale\" content=\"de_DE\" \/>\n<meta property=\"og:type\" content=\"article\" \/>\n<meta property=\"og:title\" content=\"IMPRESSUM\" \/>\n<meta property=\"og:description\" content=\"\u00a0 Angaben zum Herausgeber \u00a0 Gesellschaftsbezeichnung: ADD Associ\u00e9s \u00a0 Gesellschaftssitz:4, avenue du\u00a0Coq \u2013 75009 Paris \u00a0 Telefonnummer: +33 (0)1\u00a044 94\u00a091 91 Faxnummer: +33 (0)1\u00a044 94\u00a091 92 E-Mail-Kontakt: contact@add-genealogie.com \u00a0 Umsatzsteueridentifikationsnummer: FR76 379427420 HR-Nummer: 379427420 \u00a0 Gesellschaftskapital:100 000 \u20ac \u00a0 Publikationsleiter: V\u00e9ronique Cantegrel \u00a0 Angaben zum Gestalter \u00a0 Gesellschaftsbezeichnung: Eliott &amp; Markus Gesellschaftssitz: 8, rue Myrha [&hellip;]\" \/>\n<meta property=\"og:url\" content=\"https:\/\/old.add-associes.com\/de\/mention-legales\/\" \/>\n<meta property=\"og:site_name\" content=\"ADD ASSOCI\u00c9S\" \/>\n<meta property=\"article:publisher\" content=\"https:\/\/www.facebook.com\/pages\/ADD-Genealogie\/726546164072497?fref=ts\" \/>\n<meta property=\"article:modified_time\" content=\"2017-02-14T09:38:06+00:00\" \/>\n<meta name=\"twitter:card\" content=\"summary\" \/>\n<meta name=\"twitter:site\" content=\"@ADD_Associes\" \/>\n<meta name=\"twitter:label1\" content=\"Gesch\u00e4tzte Lesezeit\" \/>\n\t<meta name=\"twitter:data1\" content=\"1\u00a0Minute\" \/>\n<script type=\"application\/ld+json\" class=\"yoast-schema-graph\">{\"@context\":\"https:\/\/schema.org\",\"@graph\":[{\"@type\":\"WebPage\",\"@id\":\"https:\/\/old.add-associes.com\/de\/mention-legales\/\",\"url\":\"https:\/\/old.add-associes.com\/de\/mention-legales\/\",\"name\":\"IMPRESSUM\",\"isPartOf\":{\"@id\":\"https:\/\/old.add-associes.com\/#website\"},\"datePublished\":\"2015-04-22T00:30:43+00:00\",\"dateModified\":\"2017-02-14T09:38:06+00:00\",\"breadcrumb\":{\"@id\":\"https:\/\/old.add-associes.com\/de\/mention-legales\/#breadcrumb\"},\"inLanguage\":\"de\",\"potentialAction\":[{\"@type\":\"ReadAction\",\"target\":[\"https:\/\/old.add-associes.com\/de\/mention-legales\/\"]}]},{\"@type\":\"BreadcrumbList\",\"@id\":\"https:\/\/old.add-associes.com\/de\/mention-legales\/#breadcrumb\",\"itemListElement\":[{\"@type\":\"ListItem\",\"position\":1,\"name\":\"Home\",\"item\":\"https:\/\/old.add-associes.com\/de\/\"},{\"@type\":\"ListItem\",\"position\":2,\"name\":\"IMPRESSUM\"}]},{\"@type\":\"WebSite\",\"@id\":\"https:\/\/old.add-associes.com\/#website\",\"url\":\"https:\/\/old.add-associes.com\/\",\"name\":\"ADD ASSOCI\u00c9S\",\"description\":\"\",\"potentialAction\":[{\"@type\":\"SearchAction\",\"target\":{\"@type\":\"EntryPoint\",\"urlTemplate\":\"https:\/\/old.add-associes.com\/?s={search_term_string}\"},\"query-input\":\"required name=search_term_string\"}],\"inLanguage\":\"de\"}]}<\/script>\n<!-- \/ Yoast SEO plugin. -->","yoast_head_json":{"title":"IMPRESSUM","robots":{"index":"noindex","follow":"follow","max-snippet":"max-snippet:-1","max-image-preview":"max-image-preview:large","max-video-preview":"max-video-preview:-1"},"og_locale":"de_DE","og_type":"article","og_title":"IMPRESSUM","og_description":"\u00a0 Angaben zum Herausgeber \u00a0 Gesellschaftsbezeichnung: ADD Associ\u00e9s \u00a0 Gesellschaftssitz:4, avenue du\u00a0Coq \u2013 75009 Paris \u00a0 Telefonnummer: +33 (0)1\u00a044 94\u00a091 91 Faxnummer: +33 (0)1\u00a044 94\u00a091 92 E-Mail-Kontakt: contact@add-genealogie.com \u00a0 Umsatzsteueridentifikationsnummer: FR76 379427420 HR-Nummer: 379427420 \u00a0 Gesellschaftskapital:100 000 \u20ac \u00a0 Publikationsleiter: V\u00e9ronique Cantegrel \u00a0 Angaben zum Gestalter \u00a0 Gesellschaftsbezeichnung: Eliott &amp; Markus Gesellschaftssitz: 8, rue Myrha [&hellip;]","og_url":"https:\/\/old.add-associes.com\/de\/mention-legales\/","og_site_name":"ADD ASSOCI\u00c9S","article_publisher":"https:\/\/www.facebook.com\/pages\/ADD-Genealogie\/726546164072497?fref=ts","article_modified_time":"2017-02-14T09:38:06+00:00","twitter_card":"summary","twitter_site":"@ADD_Associes","twitter_misc":{"Gesch\u00e4tzte Lesezeit":"1\u00a0Minute"},"schema":{"@context":"https:\/\/schema.org","@graph":[{"@type":"WebPage","@id":"https:\/\/old.add-associes.com\/de\/mention-legales\/","url":"https:\/\/old.add-associes.com\/de\/mention-legales\/","name":"IMPRESSUM","isPartOf":{"@id":"https:\/\/old.add-associes.com\/#website"},"datePublished":"2015-04-22T00:30:43+00:00","dateModified":"2017-02-14T09:38:06+00:00","breadcrumb":{"@id":"https:\/\/old.add-associes.com\/de\/mention-legales\/#breadcrumb"},"inLanguage":"de","potentialAction":[{"@type":"ReadAction","target":["https:\/\/old.add-associes.com\/de\/mention-legales\/"]}]},{"@type":"BreadcrumbList","@id":"https:\/\/old.add-associes.com\/de\/mention-legales\/#breadcrumb","itemListElement":[{"@type":"ListItem","position":1,"name":"Home","item":"https:\/\/old.add-associes.com\/de\/"},{"@type":"ListItem","position":2,"name":"IMPRESSUM"}]},{"@type":"WebSite","@id":"https:\/\/old.add-associes.com\/#website","url":"https:\/\/old.add-associes.com\/","name":"ADD ASSOCI\u00c9S","description":"","potentialAction":[{"@type":"SearchAction","target":{"@type":"EntryPoint","urlTemplate":"https:\/\/old.add-associes.com\/?s={search_term_string}"},"query-input":"required name=search_term_string"}],"inLanguage":"de"}]}},"_links":{"self":[{"href":"https:\/\/old.add-associes.com\/de\/wp-json\/wp\/v2\/pages\/1915"}],"collection":[{"href":"https:\/\/old.add-associes.com\/de\/wp-json\/wp\/v2\/pages"}],"about":[{"href":"https:\/\/old.add-associes.com\/de\/wp-json\/wp\/v2\/types\/page"}],"author":[{"embeddable":true,"href":"https:\/\/old.add-associes.com\/de\/wp-json\/wp\/v2\/users\/4"}],"replies":[{"embeddable":true,"href":"https:\/\/old.add-associes.com\/de\/wp-json\/wp\/v2\/comments?post=1915"}],"version-history":[{"count":5,"href":"https:\/\/old.add-associes.com\/de\/wp-json\/wp\/v2\/pages\/1915\/revisions"}],"predecessor-version":[{"id":3165,"href":"https:\/\/old.add-associes.com\/de\/wp-json\/wp\/v2\/pages\/1915\/revisions\/3165"}],"wp:attachment":[{"href":"https:\/\/old.add-associes.com\/de\/wp-json\/wp\/v2\/media?parent=1915"}],"curies":[{"name":"wp","href":"https:\/\/api.w.org\/{rel}","templated":true}]}}